{"id":2677,"date":"2021-08-17T16:33:56","date_gmt":"2021-08-17T14:33:56","guid":{"rendered":"https:\/\/cabasse-suisse.magnat-suisse.ch\/sichere-bezahlung\/"},"modified":"2021-08-17T16:41:13","modified_gmt":"2021-08-17T14:41:13","slug":"paiement-securise","status":"publish","type":"page","link":"https:\/\/cabasse-suisse.ch\/fr\/paiement-securise\/","title":{"rendered":"Paiement S\u00e9curis\u00e9"},"content":{"rendered":"<h1>Paiement S\u00e9curis\u00e9<\/h1>\n<p>\u00a0<\/p>\n<p>La\u00a0<strong><a href=\"https:\/\/www.pcisecuritystandards.org\/\" target=\"_blank\" rel=\"noopener\">Payment Card Industry Data Security Standard (PCI DSS ou norme de s\u00e9curit\u00e9 des donn\u00e9es du secteur des cartes de paiement)<\/a><\/strong>\u00a0est la norme mondiale mise en place pour prot\u00e9ger les donn\u00e9es des titulaires de cartes et aider les entreprises \u00e0 traiter les paiements par carte de fa\u00e7on s\u00e9curis\u00e9e. Elle est \u00e9mise, administr\u00e9e et g\u00e9r\u00e9e par le Payment Card Industry Security Standards Council (PCI SSC, conseil des normes de s\u00e9curit\u00e9 du secteur des cartes de paiement). Le respect de ces normes est assur\u00e9 par les principales marques de cartes de paiement telles que Visa, MasterCard, American Express, Discover et JCB, tout comme Bancontact et Maestro.<\/p>\n<p>Toutes les soci\u00e9t\u00e9s qui acceptent, traitent, enregistrent ou transmettent des informations relatives \u00e0 des cartes de cr\u00e9dit et de d\u00e9bit doivent respecter les PCI DSS afin de prot\u00e9ger les donn\u00e9es des titulaires de cartes.<\/p>\n<p>\u00a0<\/p>\n<div class=\"page-header\">\n<p id=\"fraud-expert-scoring\"><strong>3D Secure<\/strong><\/p>\n<p>3D Secure (\u00e9galement d\u00e9nomm\u00e9 authentification 3D secure ou 3DS) est un protocole de lutte contre la fraude mis au point par\u00a0<a href=\"https:\/\/www.emvco.com\/\">EMVCo\u00a0<\/a>pour s\u00e9curiser les paiements par carte en ajoutant un processus d\u2019authentification avant de r\u00e9aliser des achats sur Internet.<\/p>\n<p>Lorsqu\u2019un paiement est trait\u00e9 avec la couche de s\u00e9curit\u00e9 suppl\u00e9mentaire offerte par 3DS, le d\u00e9tenteur de la carte doit s\u2019authentifier en fournissant une cl\u00e9 d\u2019identification suppl\u00e9mentaire.<\/p>\n<\/div>\n<p>\u00a0<\/p>\n<p>Des informations suppl\u00e9mentaires peuvent \u00eatre trouv\u00e9es <a href=\"https:\/\/e-payment-postfinance.ecom-psp.com\/fr\/security\/payment-data\/pci-dss\">ici<\/a>.<\/p>\n","protected":false},"excerpt":{"rendered":"<p>Paiement S\u00e9curis\u00e9 \u00a0 La\u00a0Payment Card Industry Data Security Standard (PCI DSS ou norme de s\u00e9curit\u00e9 des&#8230;<\/p>\n","protected":false},"author":2,"featured_media":0,"parent":0,"menu_order":0,"comment_status":"closed","ping_status":"closed","template":"","meta":{"_acf_changed":false,"inline_featured_image":false,"footnotes":""},"class_list":["post-2677","page","type-page","status-publish","hentry"],"acf":[],"yoast_head":"<!-- This site is optimized with the Yoast SEO Premium plugin v22.1 (Yoast SEO v27.2) - https:\/\/yoast.com\/product\/yoast-seo-premium-wordpress\/ -->\n<title>Paiement S\u00e9curis\u00e9 - Cabasse Suisse<\/title>\n<meta name=\"robots\" content=\"index, follow, max-snippet:-1, max-image-preview:large, max-video-preview:-1\" \/>\n<link rel=\"canonical\" href=\"https:\/\/cabasse-suisse.ch\/fr\/paiement-securise\/\" \/>\n<meta property=\"og:locale\" content=\"fr_FR\" \/>\n<meta property=\"og:type\" content=\"article\" \/>\n<meta property=\"og:title\" content=\"Paiement S\u00e9curis\u00e9\" \/>\n<meta property=\"og:description\" content=\"Paiement S\u00e9curis\u00e9 \u00a0 La\u00a0Payment Card Industry Data Security Standard (PCI DSS ou norme de s\u00e9curit\u00e9 des...\" \/>\n<meta property=\"og:url\" content=\"https:\/\/cabasse-suisse.ch\/fr\/paiement-securise\/\" \/>\n<meta property=\"og:site_name\" content=\"Cabasse Suisse\" \/>\n<meta property=\"article:publisher\" content=\"https:\/\/facebook.com\/Cabasse\/\" \/>\n<meta property=\"article:modified_time\" content=\"2021-08-17T14:41:13+00:00\" \/>\n<meta name=\"twitter:card\" content=\"summary_large_image\" \/>\n<meta name=\"twitter:site\" content=\"@CabasseFR\" \/>\n<meta name=\"twitter:label1\" content=\"Dur\u00e9e de lecture estim\u00e9e\" \/>\n\t<meta name=\"twitter:data1\" content=\"1 minute\" \/>\n<script type=\"application\/ld+json\" class=\"yoast-schema-graph\">{\"@context\":\"https:\/\/schema.org\",\"@graph\":[{\"@type\":\"WebPage\",\"@id\":\"https:\/\/cabasse-suisse.ch\/fr\/paiement-securise\/\",\"url\":\"https:\/\/cabasse-suisse.ch\/fr\/paiement-securise\/\",\"name\":\"Paiement S\u00e9curis\u00e9 - Cabasse Suisse\",\"isPartOf\":{\"@id\":\"https:\/\/cabasse-suisse.ch\/fr\/#website\"},\"datePublished\":\"2021-08-17T14:33:56+00:00\",\"dateModified\":\"2021-08-17T14:41:13+00:00\",\"breadcrumb\":{\"@id\":\"https:\/\/cabasse-suisse.ch\/fr\/paiement-securise\/#breadcrumb\"},\"inLanguage\":\"fr-FR\",\"potentialAction\":[{\"@type\":\"ReadAction\",\"target\":[\"https:\/\/cabasse-suisse.ch\/fr\/paiement-securise\/\"]}]},{\"@type\":\"BreadcrumbList\",\"@id\":\"https:\/\/cabasse-suisse.ch\/fr\/paiement-securise\/#breadcrumb\",\"itemListElement\":[{\"@type\":\"ListItem\",\"position\":1,\"name\":\"Home\",\"item\":\"https:\/\/cabasse-suisse.ch\/fr\/\"},{\"@type\":\"ListItem\",\"position\":2,\"name\":\"Paiement S\u00e9curis\u00e9\"}]},{\"@type\":\"WebSite\",\"@id\":\"https:\/\/cabasse-suisse.ch\/fr\/#website\",\"url\":\"https:\/\/cabasse-suisse.ch\/fr\/\",\"name\":\"Cabasse Suisse\",\"description\":\"Offizieller Cabasse Store - For demanding audiophiles\",\"publisher\":{\"@id\":\"https:\/\/cabasse-suisse.ch\/fr\/#organization\"},\"potentialAction\":[{\"@type\":\"SearchAction\",\"target\":{\"@type\":\"EntryPoint\",\"urlTemplate\":\"https:\/\/cabasse-suisse.ch\/fr\/?s={search_term_string}\"},\"query-input\":{\"@type\":\"PropertyValueSpecification\",\"valueRequired\":true,\"valueName\":\"search_term_string\"}}],\"inLanguage\":\"fr-FR\"},{\"@type\":\"Organization\",\"@id\":\"https:\/\/cabasse-suisse.ch\/fr\/#organization\",\"name\":\"Cabasse Suisse\",\"url\":\"https:\/\/cabasse-suisse.ch\/fr\/\",\"logo\":{\"@type\":\"ImageObject\",\"inLanguage\":\"fr-FR\",\"@id\":\"https:\/\/cabasse-suisse.ch\/fr\/#\/schema\/logo\/image\/\",\"url\":\"https:\/\/cabasse-suisse.ch\/wp-content\/uploads\/sites\/12\/2022\/09\/Cabasse.png\",\"contentUrl\":\"https:\/\/cabasse-suisse.ch\/wp-content\/uploads\/sites\/12\/2022\/09\/Cabasse.png\",\"width\":250,\"height\":150,\"caption\":\"Cabasse Suisse\"},\"image\":{\"@id\":\"https:\/\/cabasse-suisse.ch\/fr\/#\/schema\/logo\/image\/\"},\"sameAs\":[\"https:\/\/facebook.com\/Cabasse\/\",\"https:\/\/x.com\/CabasseFR\",\"https:\/\/instagram.com\/cabasseacoustic\"]}]}<\/script>\n<!-- \/ Yoast SEO Premium plugin. -->","yoast_head_json":{"title":"Paiement S\u00e9curis\u00e9 - Cabasse Suisse","robots":{"index":"index","follow":"follow","max-snippet":"max-snippet:-1","max-image-preview":"max-image-preview:large","max-video-preview":"max-video-preview:-1"},"canonical":"https:\/\/cabasse-suisse.ch\/fr\/paiement-securise\/","og_locale":"fr_FR","og_type":"article","og_title":"Paiement S\u00e9curis\u00e9","og_description":"Paiement S\u00e9curis\u00e9 \u00a0 La\u00a0Payment Card Industry Data Security Standard (PCI DSS ou norme de s\u00e9curit\u00e9 des...","og_url":"https:\/\/cabasse-suisse.ch\/fr\/paiement-securise\/","og_site_name":"Cabasse Suisse","article_publisher":"https:\/\/facebook.com\/Cabasse\/","article_modified_time":"2021-08-17T14:41:13+00:00","twitter_card":"summary_large_image","twitter_site":"@CabasseFR","twitter_misc":{"Dur\u00e9e de lecture estim\u00e9e":"1 minute"},"schema":{"@context":"https:\/\/schema.org","@graph":[{"@type":"WebPage","@id":"https:\/\/cabasse-suisse.ch\/fr\/paiement-securise\/","url":"https:\/\/cabasse-suisse.ch\/fr\/paiement-securise\/","name":"Paiement S\u00e9curis\u00e9 - Cabasse Suisse","isPartOf":{"@id":"https:\/\/cabasse-suisse.ch\/fr\/#website"},"datePublished":"2021-08-17T14:33:56+00:00","dateModified":"2021-08-17T14:41:13+00:00","breadcrumb":{"@id":"https:\/\/cabasse-suisse.ch\/fr\/paiement-securise\/#breadcrumb"},"inLanguage":"fr-FR","potentialAction":[{"@type":"ReadAction","target":["https:\/\/cabasse-suisse.ch\/fr\/paiement-securise\/"]}]},{"@type":"BreadcrumbList","@id":"https:\/\/cabasse-suisse.ch\/fr\/paiement-securise\/#breadcrumb","itemListElement":[{"@type":"ListItem","position":1,"name":"Home","item":"https:\/\/cabasse-suisse.ch\/fr\/"},{"@type":"ListItem","position":2,"name":"Paiement S\u00e9curis\u00e9"}]},{"@type":"WebSite","@id":"https:\/\/cabasse-suisse.ch\/fr\/#website","url":"https:\/\/cabasse-suisse.ch\/fr\/","name":"Cabasse Suisse","description":"Offizieller Cabasse Store - For demanding audiophiles","publisher":{"@id":"https:\/\/cabasse-suisse.ch\/fr\/#organization"},"potentialAction":[{"@type":"SearchAction","target":{"@type":"EntryPoint","urlTemplate":"https:\/\/cabasse-suisse.ch\/fr\/?s={search_term_string}"},"query-input":{"@type":"PropertyValueSpecification","valueRequired":true,"valueName":"search_term_string"}}],"inLanguage":"fr-FR"},{"@type":"Organization","@id":"https:\/\/cabasse-suisse.ch\/fr\/#organization","name":"Cabasse Suisse","url":"https:\/\/cabasse-suisse.ch\/fr\/","logo":{"@type":"ImageObject","inLanguage":"fr-FR","@id":"https:\/\/cabasse-suisse.ch\/fr\/#\/schema\/logo\/image\/","url":"https:\/\/cabasse-suisse.ch\/wp-content\/uploads\/sites\/12\/2022\/09\/Cabasse.png","contentUrl":"https:\/\/cabasse-suisse.ch\/wp-content\/uploads\/sites\/12\/2022\/09\/Cabasse.png","width":250,"height":150,"caption":"Cabasse Suisse"},"image":{"@id":"https:\/\/cabasse-suisse.ch\/fr\/#\/schema\/logo\/image\/"},"sameAs":["https:\/\/facebook.com\/Cabasse\/","https:\/\/x.com\/CabasseFR","https:\/\/instagram.com\/cabasseacoustic"]}]}},"_links":{"self":[{"href":"https:\/\/cabasse-suisse.ch\/fr\/wp-json\/wp\/v2\/pages\/2677","targetHints":{"allow":["GET"]}}],"collection":[{"href":"https:\/\/cabasse-suisse.ch\/fr\/wp-json\/wp\/v2\/pages"}],"about":[{"href":"https:\/\/cabasse-suisse.ch\/fr\/wp-json\/wp\/v2\/types\/page"}],"author":[{"embeddable":true,"href":"https:\/\/cabasse-suisse.ch\/fr\/wp-json\/wp\/v2\/users\/2"}],"replies":[{"embeddable":true,"href":"https:\/\/cabasse-suisse.ch\/fr\/wp-json\/wp\/v2\/comments?post=2677"}],"version-history":[{"count":2,"href":"https:\/\/cabasse-suisse.ch\/fr\/wp-json\/wp\/v2\/pages\/2677\/revisions"}],"predecessor-version":[{"id":2682,"href":"https:\/\/cabasse-suisse.ch\/fr\/wp-json\/wp\/v2\/pages\/2677\/revisions\/2682"}],"wp:attachment":[{"href":"https:\/\/cabasse-suisse.ch\/fr\/wp-json\/wp\/v2\/media?parent=2677"}],"curies":[{"name":"wp","href":"https:\/\/api.w.org\/{rel}","templated":true}]}}