{"id":2151,"date":"2021-08-10T10:18:35","date_gmt":"2021-08-10T08:18:35","guid":{"rendered":"https:\/\/sacom.kdprojekte.de\/datenschutzerklaerung\/"},"modified":"2021-08-10T10:20:16","modified_gmt":"2021-08-10T08:20:16","slug":"declaration-de-protection-des-donnees","status":"publish","type":"page","link":"https:\/\/cabasse-suisse.ch\/fr\/declaration-de-protection-des-donnees\/","title":{"rendered":"D\u00e9claration de protection des donn\u00e9es"},"content":{"rendered":"<h1>D\u00e9claration de protection des donn\u00e9es<\/h1>\n<div>\n<p>Les dispositions de la pr\u00e9sente d\u00e9claration de protection des donn\u00e9es priment en cas de contradiction, de quelque nature qu\u2019elle soit, entre celles-ci et les autres conditions contractuelles ou les conditions g\u00e9n\u00e9rales de Magnat-Suisse applicables pour le surplus. La protection des donn\u00e9es est une question de confiance, et votre confiance nous tient \u00e0 c\u0153ur. Nous respectons votre personnalit\u00e9 et votre sph\u00e8re priv\u00e9e. De m\u00eame, nous cherchons \u00e0 garantir la protection de vos donn\u00e9es personnelles et leur traitement conforme \u00e0 la l\u00e9gislation.<\/p>\n<p>Nous tenons fermement \u00e0 recevoir votre consentement quant au traitement de vos donn\u00e9es personnelles. Au travers de la pr\u00e9sente d\u00e9claration de protection des donn\u00e9es, nous vous informons de mani\u00e8re compl\u00e8te sur les m\u00e9thodes que nous appliquons en la mati\u00e8re. Ensuite, c\u2019est \u00e0 vous de d\u00e9cider si vous souhaitez que vos donn\u00e9es soient trait\u00e9es ou non.<\/p>\n<p>La pr\u00e9sente d\u00e9claration de protection des donn\u00e9es englobe des informations aussi bien pass\u00e9es que futures. Si vous vous d\u00e9clarez d\u2019accord avec le traitement de vos donn\u00e9es personnelles, ces op\u00e9rations concerneront non seulement les informations que nous saisirons \u00e0 l\u2019avenir mais aussi celles d\u00e9j\u00e0 enregistr\u00e9es chez nous.<\/p>\n<p>Lorsque, dans la pr\u00e9sente d\u00e9claration de protection des donn\u00e9es, nous parlons de traitement de vos donn\u00e9es personnelles, nous entendons toute op\u00e9ration s\u2019y rapportant. Par exemple\u00a0:<\/p>\n<ul>\n<li>la collecte,<\/li>\n<li>le stockage,<\/li>\n<li>la gestion,<\/li>\n<li>l\u2019utilisation,<\/li>\n<li>la transmission,<\/li>\n<li>la divulgation, ou<\/li>\n<li>la suppression de vos donn\u00e9es personnelles.<\/li>\n<\/ul>\n<p>Nous recueillons les donn\u00e9es personnelles afin de pouvoir proposer des services meilleurs \u00e0 nos clients. Nous sommes convaincus que si nous ciblons, en tant qu\u2019entreprise, nos activit\u00e9s sur les d\u00e9sirs et les besoins de nos clients, nous leur faciliterons la t\u00e2che dans leur vie quotidienne. De tels services am\u00e9lior\u00e9s peuvent consister en ceci\u00a0:<\/p>\n<ul>\n<li>optimiser l\u2019emplacement de nos points de vente de mani\u00e8re \u00e0 rester proches de la client\u00e8le,<\/li>\n<li>d\u00e9finir l\u2019assortiment des produits en fonction des besoins des clients,<\/li>\n<li>personnaliser la communication avec les clients afin de leur faciliter la recherche d\u2019offres qui r\u00e9pondent \u00e0 leurs besoins, tout en recevant globalement moins de publicit\u00e9,<\/li>\n<li>simplifier les processus tels que les achats ou les r\u00e9servations de mani\u00e8re \u00e0 vous permettre d\u2019atteindre vos objectifs plus rapidement.<\/li>\n<\/ul>\n<\/div>\n","protected":false},"excerpt":{"rendered":"<p>D\u00e9claration de protection des donn\u00e9es Les dispositions de la pr\u00e9sente d\u00e9claration de protection des donn\u00e9es priment&#8230;<\/p>\n","protected":false},"author":1,"featured_media":0,"parent":0,"menu_order":0,"comment_status":"closed","ping_status":"closed","template":"","meta":{"_acf_changed":false,"inline_featured_image":false,"footnotes":""},"class_list":["post-2151","page","type-page","status-publish","hentry"],"acf":[],"yoast_head":"<!-- This site is optimized with the Yoast SEO Premium plugin v22.1 (Yoast SEO v27.2) - https:\/\/yoast.com\/product\/yoast-seo-premium-wordpress\/ -->\n<title>D\u00e9claration de protection des donn\u00e9es - Cabasse Suisse<\/title>\n<meta name=\"robots\" content=\"index, follow, max-snippet:-1, max-image-preview:large, max-video-preview:-1\" \/>\n<link rel=\"canonical\" href=\"https:\/\/cabasse-suisse.ch\/fr\/declaration-de-protection-des-donnees\/\" \/>\n<meta property=\"og:locale\" content=\"fr_FR\" \/>\n<meta property=\"og:type\" content=\"article\" \/>\n<meta property=\"og:title\" content=\"D\u00e9claration de protection des donn\u00e9es\" \/>\n<meta property=\"og:description\" content=\"D\u00e9claration de protection des donn\u00e9es Les dispositions de la pr\u00e9sente d\u00e9claration de protection des donn\u00e9es priment...\" \/>\n<meta property=\"og:url\" content=\"https:\/\/cabasse-suisse.ch\/fr\/declaration-de-protection-des-donnees\/\" \/>\n<meta property=\"og:site_name\" content=\"Cabasse Suisse\" \/>\n<meta property=\"article:publisher\" content=\"https:\/\/facebook.com\/Cabasse\/\" \/>\n<meta property=\"article:modified_time\" content=\"2021-08-10T08:20:16+00:00\" \/>\n<meta name=\"twitter:card\" content=\"summary_large_image\" \/>\n<meta name=\"twitter:site\" content=\"@CabasseFR\" \/>\n<meta name=\"twitter:label1\" content=\"Dur\u00e9e de lecture estim\u00e9e\" \/>\n\t<meta name=\"twitter:data1\" content=\"2 minutes\" \/>\n<script type=\"application\/ld+json\" class=\"yoast-schema-graph\">{\"@context\":\"https:\/\/schema.org\",\"@graph\":[{\"@type\":\"WebPage\",\"@id\":\"https:\/\/cabasse-suisse.ch\/fr\/declaration-de-protection-des-donnees\/\",\"url\":\"https:\/\/cabasse-suisse.ch\/fr\/declaration-de-protection-des-donnees\/\",\"name\":\"D\u00e9claration de protection des donn\u00e9es - Cabasse Suisse\",\"isPartOf\":{\"@id\":\"https:\/\/cabasse-suisse.ch\/fr\/#website\"},\"datePublished\":\"2021-08-10T08:18:35+00:00\",\"dateModified\":\"2021-08-10T08:20:16+00:00\",\"breadcrumb\":{\"@id\":\"https:\/\/cabasse-suisse.ch\/fr\/declaration-de-protection-des-donnees\/#breadcrumb\"},\"inLanguage\":\"fr-FR\",\"potentialAction\":[{\"@type\":\"ReadAction\",\"target\":[\"https:\/\/cabasse-suisse.ch\/fr\/declaration-de-protection-des-donnees\/\"]}]},{\"@type\":\"BreadcrumbList\",\"@id\":\"https:\/\/cabasse-suisse.ch\/fr\/declaration-de-protection-des-donnees\/#breadcrumb\",\"itemListElement\":[{\"@type\":\"ListItem\",\"position\":1,\"name\":\"Home\",\"item\":\"https:\/\/cabasse-suisse.ch\/fr\/\"},{\"@type\":\"ListItem\",\"position\":2,\"name\":\"D\u00e9claration de protection des donn\u00e9es\"}]},{\"@type\":\"WebSite\",\"@id\":\"https:\/\/cabasse-suisse.ch\/fr\/#website\",\"url\":\"https:\/\/cabasse-suisse.ch\/fr\/\",\"name\":\"Cabasse Suisse\",\"description\":\"Offizieller Cabasse Store - For demanding audiophiles\",\"publisher\":{\"@id\":\"https:\/\/cabasse-suisse.ch\/fr\/#organization\"},\"potentialAction\":[{\"@type\":\"SearchAction\",\"target\":{\"@type\":\"EntryPoint\",\"urlTemplate\":\"https:\/\/cabasse-suisse.ch\/fr\/?s={search_term_string}\"},\"query-input\":{\"@type\":\"PropertyValueSpecification\",\"valueRequired\":true,\"valueName\":\"search_term_string\"}}],\"inLanguage\":\"fr-FR\"},{\"@type\":\"Organization\",\"@id\":\"https:\/\/cabasse-suisse.ch\/fr\/#organization\",\"name\":\"Cabasse Suisse\",\"url\":\"https:\/\/cabasse-suisse.ch\/fr\/\",\"logo\":{\"@type\":\"ImageObject\",\"inLanguage\":\"fr-FR\",\"@id\":\"https:\/\/cabasse-suisse.ch\/fr\/#\/schema\/logo\/image\/\",\"url\":\"https:\/\/cabasse-suisse.ch\/wp-content\/uploads\/sites\/12\/2022\/09\/Cabasse.png\",\"contentUrl\":\"https:\/\/cabasse-suisse.ch\/wp-content\/uploads\/sites\/12\/2022\/09\/Cabasse.png\",\"width\":250,\"height\":150,\"caption\":\"Cabasse Suisse\"},\"image\":{\"@id\":\"https:\/\/cabasse-suisse.ch\/fr\/#\/schema\/logo\/image\/\"},\"sameAs\":[\"https:\/\/facebook.com\/Cabasse\/\",\"https:\/\/x.com\/CabasseFR\",\"https:\/\/instagram.com\/cabasseacoustic\"]}]}<\/script>\n<!-- \/ Yoast SEO Premium plugin. -->","yoast_head_json":{"title":"D\u00e9claration de protection des donn\u00e9es - Cabasse Suisse","robots":{"index":"index","follow":"follow","max-snippet":"max-snippet:-1","max-image-preview":"max-image-preview:large","max-video-preview":"max-video-preview:-1"},"canonical":"https:\/\/cabasse-suisse.ch\/fr\/declaration-de-protection-des-donnees\/","og_locale":"fr_FR","og_type":"article","og_title":"D\u00e9claration de protection des donn\u00e9es","og_description":"D\u00e9claration de protection des donn\u00e9es Les dispositions de la pr\u00e9sente d\u00e9claration de protection des donn\u00e9es priment...","og_url":"https:\/\/cabasse-suisse.ch\/fr\/declaration-de-protection-des-donnees\/","og_site_name":"Cabasse Suisse","article_publisher":"https:\/\/facebook.com\/Cabasse\/","article_modified_time":"2021-08-10T08:20:16+00:00","twitter_card":"summary_large_image","twitter_site":"@CabasseFR","twitter_misc":{"Dur\u00e9e de lecture estim\u00e9e":"2 minutes"},"schema":{"@context":"https:\/\/schema.org","@graph":[{"@type":"WebPage","@id":"https:\/\/cabasse-suisse.ch\/fr\/declaration-de-protection-des-donnees\/","url":"https:\/\/cabasse-suisse.ch\/fr\/declaration-de-protection-des-donnees\/","name":"D\u00e9claration de protection des donn\u00e9es - Cabasse Suisse","isPartOf":{"@id":"https:\/\/cabasse-suisse.ch\/fr\/#website"},"datePublished":"2021-08-10T08:18:35+00:00","dateModified":"2021-08-10T08:20:16+00:00","breadcrumb":{"@id":"https:\/\/cabasse-suisse.ch\/fr\/declaration-de-protection-des-donnees\/#breadcrumb"},"inLanguage":"fr-FR","potentialAction":[{"@type":"ReadAction","target":["https:\/\/cabasse-suisse.ch\/fr\/declaration-de-protection-des-donnees\/"]}]},{"@type":"BreadcrumbList","@id":"https:\/\/cabasse-suisse.ch\/fr\/declaration-de-protection-des-donnees\/#breadcrumb","itemListElement":[{"@type":"ListItem","position":1,"name":"Home","item":"https:\/\/cabasse-suisse.ch\/fr\/"},{"@type":"ListItem","position":2,"name":"D\u00e9claration de protection des donn\u00e9es"}]},{"@type":"WebSite","@id":"https:\/\/cabasse-suisse.ch\/fr\/#website","url":"https:\/\/cabasse-suisse.ch\/fr\/","name":"Cabasse Suisse","description":"Offizieller Cabasse Store - For demanding audiophiles","publisher":{"@id":"https:\/\/cabasse-suisse.ch\/fr\/#organization"},"potentialAction":[{"@type":"SearchAction","target":{"@type":"EntryPoint","urlTemplate":"https:\/\/cabasse-suisse.ch\/fr\/?s={search_term_string}"},"query-input":{"@type":"PropertyValueSpecification","valueRequired":true,"valueName":"search_term_string"}}],"inLanguage":"fr-FR"},{"@type":"Organization","@id":"https:\/\/cabasse-suisse.ch\/fr\/#organization","name":"Cabasse Suisse","url":"https:\/\/cabasse-suisse.ch\/fr\/","logo":{"@type":"ImageObject","inLanguage":"fr-FR","@id":"https:\/\/cabasse-suisse.ch\/fr\/#\/schema\/logo\/image\/","url":"https:\/\/cabasse-suisse.ch\/wp-content\/uploads\/sites\/12\/2022\/09\/Cabasse.png","contentUrl":"https:\/\/cabasse-suisse.ch\/wp-content\/uploads\/sites\/12\/2022\/09\/Cabasse.png","width":250,"height":150,"caption":"Cabasse Suisse"},"image":{"@id":"https:\/\/cabasse-suisse.ch\/fr\/#\/schema\/logo\/image\/"},"sameAs":["https:\/\/facebook.com\/Cabasse\/","https:\/\/x.com\/CabasseFR","https:\/\/instagram.com\/cabasseacoustic"]}]}},"_links":{"self":[{"href":"https:\/\/cabasse-suisse.ch\/fr\/wp-json\/wp\/v2\/pages\/2151","targetHints":{"allow":["GET"]}}],"collection":[{"href":"https:\/\/cabasse-suisse.ch\/fr\/wp-json\/wp\/v2\/pages"}],"about":[{"href":"https:\/\/cabasse-suisse.ch\/fr\/wp-json\/wp\/v2\/types\/page"}],"author":[{"embeddable":true,"href":"https:\/\/cabasse-suisse.ch\/fr\/wp-json\/wp\/v2\/users\/1"}],"replies":[{"embeddable":true,"href":"https:\/\/cabasse-suisse.ch\/fr\/wp-json\/wp\/v2\/comments?post=2151"}],"version-history":[{"count":1,"href":"https:\/\/cabasse-suisse.ch\/fr\/wp-json\/wp\/v2\/pages\/2151\/revisions"}],"predecessor-version":[{"id":2153,"href":"https:\/\/cabasse-suisse.ch\/fr\/wp-json\/wp\/v2\/pages\/2151\/revisions\/2153"}],"wp:attachment":[{"href":"https:\/\/cabasse-suisse.ch\/fr\/wp-json\/wp\/v2\/media?parent=2151"}],"curies":[{"name":"wp","href":"https:\/\/api.w.org\/{rel}","templated":true}]}}