{"id":2024,"date":"2021-08-06T11:05:29","date_gmt":"2021-08-06T09:05:29","guid":{"rendered":"https:\/\/sacom.kdprojekte.de\/recycling-und-nachhaltigkeit\/"},"modified":"2021-08-17T22:18:31","modified_gmt":"2021-08-17T20:18:31","slug":"recyclage-et-durabilite","status":"publish","type":"page","link":"https:\/\/cabasse-suisse.ch\/fr\/recyclage-et-durabilite\/","title":{"rendered":"Recyclage et Durabilit\u00e9"},"content":{"rendered":"<h1 class=\"uIyEJC _1EbEh9\">Recyclage et durabilit\u00e9 chez Magnat-Suisse<\/h1>\n<p>\u00a0<\/p>\n<p><strong>Recyclage des piles<\/strong><\/p>\n<p>Les piles sont utiles, mais deviennent des d\u00e9chets dangereux. Les piles usag\u00e9es et les batteries rechargeables contiennent une forte proportion de mat\u00e9riaux recyclables. En les r\u00e9cup\u00e9rant dans le processus de recyclage au lieu de les jeter dans les d\u00e9chets, nous contribuons \u00e0 pr\u00e9server des ressources importantes. Et nous prot\u00e9geons l\u2019environnement des m\u00e9taux lourds nocifs. Les piles usag\u00e9es sont class\u00e9es comme d\u00e9chets dangereux en Suisse. La loi oblige tous les consommateurs \u00e0 les rapporter au point de vente ou \u00e0 un autre point de collecte.<\/p>\n<p>\u00a0<\/p>\n<p><strong>Recyclage des d\u00e9chets \u00e9lectroniques<\/strong><\/p>\n<p>Les \u00e9quipements \u00e9lectriques et \u00e9lectroniques usag\u00e9s ne doivent pas \u00eatre jet\u00e9s \u00e0 la poubelle, et les d\u00e9taillants sont tenus de les reprendre. Gr\u00e2ce \u00e0 la taxe de recyclage anticip\u00e9e (TAR), le retour est gratuit. Le retour gratuit s\u2019applique aux \u00e9quipements de divertissement tels que les radios, les t\u00e9l\u00e9viseurs, les \u00e9quipements vid\u00e9o, les haut-parleurs, les \u00e9quipements \u00e9lectroniques de bureau et les jouets. Les appareils retourn\u00e9s sont envoy\u00e9s \u00e0 des entreprises d\u2019\u00e9limination certifi\u00e9es o\u00f9 jusqu\u2019\u00e0 75 % des mat\u00e9riaux peuvent \u00eatre r\u00e9cup\u00e9r\u00e9s. Pour plus d\u2019informations : <a href=\"http:\/\/www.erecycling.ch\">www.erecycling.ch<\/a> ou <a href=\"http:\/\/www.swicorecycling.ch\">www.swicorecycling.ch<\/a>.<\/p>\n<p>\u00a0<\/p>\n<p><strong>Taxe de recyclage anticip\u00e9e (TAR) \u2013 pour le bien de l\u2019environnement !<\/strong><\/p>\n<p>Les prix chez Magnat-Suisse incluent toujours la taxe de recyclage anticip\u00e9e (TAR). La TAR stipule que les consommateurs doivent retourner les appareils avec des composants \u00e9lectroniques \/ \u00e9lectriques pour une \u00e9limination appropri\u00e9e. Il existe un syst\u00e8me national de reprise pour cela.<\/p>\n<p>\u00a0<\/p>\n<p><strong>Obligation de retour pour le consommateur<\/strong><\/p>\n<p>En tant que consommateur, vous \u00eates l\u00e9galement tenu de vous d\u00e9barrasser des \u00e9quipements \u00e9lectriques et \u00e9lectroniques usag\u00e9s dans le respect de l\u2019environnement. Cela s\u2019applique aux groupes d\u2019appareils suivants, pour lesquels l\u2019\u00e9limination est financ\u00e9e par VRG :<\/p>\n<ul>\n<li>Appareils \u00e9lectrom\u00e9nagers<\/li>\n<li>Outils \u00e9lectriques et appareils pour la construction, le jardinage et les loisirs<\/li>\n<li>Jouets avec composants \u00e9lectriques et \u00e9lectroniques<\/li>\n<li>Divertissement et \u00e9lectronique de bureau.<\/li>\n<\/ul>\n<p>Vous pouvez retourner gratuitement les appareils mis au rebut appartenant \u00e0 ces groupes d\u2019appareils, \u00e0 condition que le m\u00eame type d\u2019appareil soit disponible dans la gamme du point de vente concern\u00e9. Le retour gratuit est \u00e9galement possible dans les points de collecte officiels de SENS. Pour la liste officielle des tarifs et des \u00e9quipements TAR, voir <a href=\"http:\/\/www.sens.ch\">www.sens.ch<\/a> et <a href=\"http:\/\/www.swico.ch\">www.swico.ch<\/a> pour l\u2019\u00e9lectronique grand public et de bureau.<\/p>\n<p>\u00a0<\/p>\n<p>Des adresses utiles sur la durabilit\u00e9 :<\/p>\n<ul>\n<li>SuisseEnergie <a href=\"https:\/\/www.energieschweiz.ch\/\">https:\/\/www.energieschweiz.ch\/<\/a><\/li>\n<li>Office f\u00e9d\u00e9ral de l\u2019\u00e9nergie OFEN <a href=\"https:\/\/www.bfe.admin.ch\/bfe\/de\/home.html\">https:\/\/www.bfe.admin.ch\/bfe\/de\/home.html<\/a><\/li>\n<li>Experts en \u00e9nergie <a href=\"https:\/\/www.energiefranken.ch\/de\">https:\/\/www.energiefranken.ch\/de<\/a><\/li>\n<li>Swico Recycling <a href=\"https:\/\/www.swico.ch\/de\/recycling\/\">https:\/\/www.swico.ch\/de\/recycling\/<\/a><\/li>\n<li>Fondation SENS eRecycling <a href=\"https:\/\/www.erecycling.ch\/\">https:\/\/www.erecycling.ch\/<\/a><\/li>\n<li>S.A.F.E.(Agence suisse pour l\u2019efficacit\u00e9 \u00e9nerg\u00e9tique) <a href=\"https:\/\/www.energieeffizienz.ch\/de\/home.html\">https:\/\/www.energieeffizienz.ch\/de\/home.html<\/a><\/li>\n<\/ul>\n","protected":false},"excerpt":{"rendered":"<p>Recyclage et durabilit\u00e9 chez Magnat-Suisse \u00a0 Recyclage des piles Les piles sont utiles, mais deviennent des&#8230;<\/p>\n","protected":false},"author":2,"featured_media":0,"parent":0,"menu_order":0,"comment_status":"closed","ping_status":"closed","template":"","meta":{"_acf_changed":false,"inline_featured_image":false,"footnotes":""},"class_list":["post-2024","page","type-page","status-publish","hentry"],"acf":[],"yoast_head":"<!-- This site is optimized with the Yoast SEO Premium plugin v22.1 (Yoast SEO v27.2) - https:\/\/yoast.com\/product\/yoast-seo-premium-wordpress\/ -->\n<title>Recyclage et Durabilit\u00e9 - Cabasse Suisse<\/title>\n<meta name=\"robots\" content=\"index, follow, max-snippet:-1, max-image-preview:large, max-video-preview:-1\" \/>\n<link rel=\"canonical\" href=\"https:\/\/cabasse-suisse.ch\/fr\/recyclage-et-durabilite\/\" \/>\n<meta property=\"og:locale\" content=\"fr_FR\" \/>\n<meta property=\"og:type\" content=\"article\" \/>\n<meta property=\"og:title\" content=\"Recyclage et Durabilit\u00e9\" \/>\n<meta property=\"og:description\" content=\"Recyclage et durabilit\u00e9 chez Magnat-Suisse \u00a0 Recyclage des piles Les piles sont utiles, mais deviennent des...\" \/>\n<meta property=\"og:url\" content=\"https:\/\/cabasse-suisse.ch\/fr\/recyclage-et-durabilite\/\" \/>\n<meta property=\"og:site_name\" content=\"Cabasse Suisse\" \/>\n<meta property=\"article:publisher\" content=\"https:\/\/facebook.com\/Cabasse\/\" \/>\n<meta property=\"article:modified_time\" content=\"2021-08-17T20:18:31+00:00\" \/>\n<meta name=\"twitter:card\" content=\"summary_large_image\" \/>\n<meta name=\"twitter:site\" content=\"@CabasseFR\" \/>\n<meta name=\"twitter:label1\" content=\"Dur\u00e9e de lecture estim\u00e9e\" \/>\n\t<meta name=\"twitter:data1\" content=\"2 minutes\" \/>\n<script type=\"application\/ld+json\" class=\"yoast-schema-graph\">{\"@context\":\"https:\/\/schema.org\",\"@graph\":[{\"@type\":\"WebPage\",\"@id\":\"https:\/\/cabasse-suisse.ch\/fr\/recyclage-et-durabilite\/\",\"url\":\"https:\/\/cabasse-suisse.ch\/fr\/recyclage-et-durabilite\/\",\"name\":\"Recyclage et Durabilit\u00e9 - Cabasse Suisse\",\"isPartOf\":{\"@id\":\"https:\/\/cabasse-suisse.ch\/fr\/#website\"},\"datePublished\":\"2021-08-06T09:05:29+00:00\",\"dateModified\":\"2021-08-17T20:18:31+00:00\",\"breadcrumb\":{\"@id\":\"https:\/\/cabasse-suisse.ch\/fr\/recyclage-et-durabilite\/#breadcrumb\"},\"inLanguage\":\"fr-FR\",\"potentialAction\":[{\"@type\":\"ReadAction\",\"target\":[\"https:\/\/cabasse-suisse.ch\/fr\/recyclage-et-durabilite\/\"]}]},{\"@type\":\"BreadcrumbList\",\"@id\":\"https:\/\/cabasse-suisse.ch\/fr\/recyclage-et-durabilite\/#breadcrumb\",\"itemListElement\":[{\"@type\":\"ListItem\",\"position\":1,\"name\":\"Home\",\"item\":\"https:\/\/cabasse-suisse.ch\/fr\/\"},{\"@type\":\"ListItem\",\"position\":2,\"name\":\"Recyclage et Durabilit\u00e9\"}]},{\"@type\":\"WebSite\",\"@id\":\"https:\/\/cabasse-suisse.ch\/fr\/#website\",\"url\":\"https:\/\/cabasse-suisse.ch\/fr\/\",\"name\":\"Cabasse Suisse\",\"description\":\"Offizieller Cabasse Store - For demanding audiophiles\",\"publisher\":{\"@id\":\"https:\/\/cabasse-suisse.ch\/fr\/#organization\"},\"potentialAction\":[{\"@type\":\"SearchAction\",\"target\":{\"@type\":\"EntryPoint\",\"urlTemplate\":\"https:\/\/cabasse-suisse.ch\/fr\/?s={search_term_string}\"},\"query-input\":{\"@type\":\"PropertyValueSpecification\",\"valueRequired\":true,\"valueName\":\"search_term_string\"}}],\"inLanguage\":\"fr-FR\"},{\"@type\":\"Organization\",\"@id\":\"https:\/\/cabasse-suisse.ch\/fr\/#organization\",\"name\":\"Cabasse Suisse\",\"url\":\"https:\/\/cabasse-suisse.ch\/fr\/\",\"logo\":{\"@type\":\"ImageObject\",\"inLanguage\":\"fr-FR\",\"@id\":\"https:\/\/cabasse-suisse.ch\/fr\/#\/schema\/logo\/image\/\",\"url\":\"https:\/\/cabasse-suisse.ch\/wp-content\/uploads\/sites\/12\/2022\/09\/Cabasse.png\",\"contentUrl\":\"https:\/\/cabasse-suisse.ch\/wp-content\/uploads\/sites\/12\/2022\/09\/Cabasse.png\",\"width\":250,\"height\":150,\"caption\":\"Cabasse Suisse\"},\"image\":{\"@id\":\"https:\/\/cabasse-suisse.ch\/fr\/#\/schema\/logo\/image\/\"},\"sameAs\":[\"https:\/\/facebook.com\/Cabasse\/\",\"https:\/\/x.com\/CabasseFR\",\"https:\/\/instagram.com\/cabasseacoustic\"]}]}<\/script>\n<!-- \/ Yoast SEO Premium plugin. -->","yoast_head_json":{"title":"Recyclage et Durabilit\u00e9 - Cabasse Suisse","robots":{"index":"index","follow":"follow","max-snippet":"max-snippet:-1","max-image-preview":"max-image-preview:large","max-video-preview":"max-video-preview:-1"},"canonical":"https:\/\/cabasse-suisse.ch\/fr\/recyclage-et-durabilite\/","og_locale":"fr_FR","og_type":"article","og_title":"Recyclage et Durabilit\u00e9","og_description":"Recyclage et durabilit\u00e9 chez Magnat-Suisse \u00a0 Recyclage des piles Les piles sont utiles, mais deviennent des...","og_url":"https:\/\/cabasse-suisse.ch\/fr\/recyclage-et-durabilite\/","og_site_name":"Cabasse Suisse","article_publisher":"https:\/\/facebook.com\/Cabasse\/","article_modified_time":"2021-08-17T20:18:31+00:00","twitter_card":"summary_large_image","twitter_site":"@CabasseFR","twitter_misc":{"Dur\u00e9e de lecture estim\u00e9e":"2 minutes"},"schema":{"@context":"https:\/\/schema.org","@graph":[{"@type":"WebPage","@id":"https:\/\/cabasse-suisse.ch\/fr\/recyclage-et-durabilite\/","url":"https:\/\/cabasse-suisse.ch\/fr\/recyclage-et-durabilite\/","name":"Recyclage et Durabilit\u00e9 - Cabasse Suisse","isPartOf":{"@id":"https:\/\/cabasse-suisse.ch\/fr\/#website"},"datePublished":"2021-08-06T09:05:29+00:00","dateModified":"2021-08-17T20:18:31+00:00","breadcrumb":{"@id":"https:\/\/cabasse-suisse.ch\/fr\/recyclage-et-durabilite\/#breadcrumb"},"inLanguage":"fr-FR","potentialAction":[{"@type":"ReadAction","target":["https:\/\/cabasse-suisse.ch\/fr\/recyclage-et-durabilite\/"]}]},{"@type":"BreadcrumbList","@id":"https:\/\/cabasse-suisse.ch\/fr\/recyclage-et-durabilite\/#breadcrumb","itemListElement":[{"@type":"ListItem","position":1,"name":"Home","item":"https:\/\/cabasse-suisse.ch\/fr\/"},{"@type":"ListItem","position":2,"name":"Recyclage et Durabilit\u00e9"}]},{"@type":"WebSite","@id":"https:\/\/cabasse-suisse.ch\/fr\/#website","url":"https:\/\/cabasse-suisse.ch\/fr\/","name":"Cabasse Suisse","description":"Offizieller Cabasse Store - For demanding audiophiles","publisher":{"@id":"https:\/\/cabasse-suisse.ch\/fr\/#organization"},"potentialAction":[{"@type":"SearchAction","target":{"@type":"EntryPoint","urlTemplate":"https:\/\/cabasse-suisse.ch\/fr\/?s={search_term_string}"},"query-input":{"@type":"PropertyValueSpecification","valueRequired":true,"valueName":"search_term_string"}}],"inLanguage":"fr-FR"},{"@type":"Organization","@id":"https:\/\/cabasse-suisse.ch\/fr\/#organization","name":"Cabasse Suisse","url":"https:\/\/cabasse-suisse.ch\/fr\/","logo":{"@type":"ImageObject","inLanguage":"fr-FR","@id":"https:\/\/cabasse-suisse.ch\/fr\/#\/schema\/logo\/image\/","url":"https:\/\/cabasse-suisse.ch\/wp-content\/uploads\/sites\/12\/2022\/09\/Cabasse.png","contentUrl":"https:\/\/cabasse-suisse.ch\/wp-content\/uploads\/sites\/12\/2022\/09\/Cabasse.png","width":250,"height":150,"caption":"Cabasse Suisse"},"image":{"@id":"https:\/\/cabasse-suisse.ch\/fr\/#\/schema\/logo\/image\/"},"sameAs":["https:\/\/facebook.com\/Cabasse\/","https:\/\/x.com\/CabasseFR","https:\/\/instagram.com\/cabasseacoustic"]}]}},"_links":{"self":[{"href":"https:\/\/cabasse-suisse.ch\/fr\/wp-json\/wp\/v2\/pages\/2024","targetHints":{"allow":["GET"]}}],"collection":[{"href":"https:\/\/cabasse-suisse.ch\/fr\/wp-json\/wp\/v2\/pages"}],"about":[{"href":"https:\/\/cabasse-suisse.ch\/fr\/wp-json\/wp\/v2\/types\/page"}],"author":[{"embeddable":true,"href":"https:\/\/cabasse-suisse.ch\/fr\/wp-json\/wp\/v2\/users\/2"}],"replies":[{"embeddable":true,"href":"https:\/\/cabasse-suisse.ch\/fr\/wp-json\/wp\/v2\/comments?post=2024"}],"version-history":[{"count":3,"href":"https:\/\/cabasse-suisse.ch\/fr\/wp-json\/wp\/v2\/pages\/2024\/revisions"}],"predecessor-version":[{"id":2700,"href":"https:\/\/cabasse-suisse.ch\/fr\/wp-json\/wp\/v2\/pages\/2024\/revisions\/2700"}],"wp:attachment":[{"href":"https:\/\/cabasse-suisse.ch\/fr\/wp-json\/wp\/v2\/media?parent=2024"}],"curies":[{"name":"wp","href":"https:\/\/api.w.org\/{rel}","templated":true}]}}