{"id":2004,"date":"2021-06-14T12:45:28","date_gmt":"2021-06-14T12:45:28","guid":{"rendered":"https:\/\/sacom.kdprojekte.de\/rueckgaberichtlinien\/"},"modified":"2021-08-17T22:12:13","modified_gmt":"2021-08-17T20:12:13","slug":"conditions-de-reprise","status":"publish","type":"page","link":"https:\/\/cabasse-suisse.ch\/fr\/conditions-de-reprise\/","title":{"rendered":"Conditions de reprise"},"content":{"rendered":"<h1>Conditions de reprise<\/h1>\n<p>\u00a0<\/p>\n<p>Magnat-Suisse offre un droit de retour limit\u00e9. Nous vous remercions de votre compr\u00e9hension quant au fait que nous ne pouvons pas reprendre les articles dans tous les cas. Les produits qui \u00e9taient disponibles dans notre propre entrep\u00f4t au moment de la commande et qui sont toujours dans leur emballage d\u2019origine, non endommag\u00e9, peuvent g\u00e9n\u00e9ralement \u00eatre retourn\u00e9s. Les produits que nous avons command\u00e9s sp\u00e9cialement pour vous ou les produits qui ne sont pas en parfait \u00e9tat ne peuvent malheureusement plus \u00eatre repris ou seulement contre des frais de traitement. Vous trouverez ci-dessous nos conditions de retour et la marche \u00e0 suivre en cas de livraison de marchandises incorrectes ou d\u00e9fectueuses.<\/p>\n<p>\u00a0<\/p>\n<p><strong>Droit de retour illimit\u00e9<\/strong><\/p>\n<ul>\n<li>Le produit est dans son emballage d\u2019origine non ouvert et non endommag\u00e9<\/li>\n<li>Le produit \u00e9tait disponible dans notre entrep\u00f4t lors de la commande<\/li>\n<li>La r\u00e9ception du produit remonte \u00e0 14 jours calendaires maximum<\/li>\n<\/ul>\n<p>Un maximum du prix d\u2019achat sera rembours\u00e9. Tous les frais d\u2019exp\u00e9dition sont \u00e0 la charge de l\u2019acheteur.<\/p>\n<p>\u00a0<\/p>\n<p><strong>Droit de retour restreint<\/strong><\/p>\n<ul>\n<li>Le produit est dans l\u2019emballage d\u2019origine ouvert ou endommag\u00e9<\/li>\n<li>Le produit n\u2019est pas utilis\u00e9 et ne montre aucun signe d\u2019utilisation<\/li>\n<li>Tous les accessoires fournis sont disponibles<\/li>\n<li>La r\u00e9ception du produit remonte \u00e0 14 jours calendaires maximum<\/li>\n<\/ul>\n<p>Le retour s\u2019effectue apr\u00e8s un contr\u00f4le positif par notre service client. Le montant de la remise est d\u00e9termin\u00e9 par notre service client. Un maximum du prix d\u2019achat moins une remise fixe (g\u00e9n\u00e9ralement 20% \/ minimum CHF 20.00) sera rembours\u00e9.<\/p>\n<p>\u00a0<\/p>\n<p><strong>Pas de droit de retour<\/strong><\/p>\n<ul>\n<li>Produits utilis\u00e9s<\/li>\n<li>Aucun emballage d\u2019origine disponible<\/li>\n<li>Accessoires fournis manquants<\/li>\n<li>Produits d\u2019hygi\u00e8ne ouverts (casques, \u00e9couteurs intra-auriculaires, etc.)<\/li>\n<li>Ouvrir des produits qui \u00e9taient scell\u00e9s ou soud\u00e9s. Un sceau bris\u00e9 est consid\u00e9r\u00e9 comme ouvert dans tous les cas.<\/li>\n<li>La p\u00e9riode de retour a expir\u00e9<\/li>\n<\/ul>\n<p>Les marchandises doivent \u00eatre retourn\u00e9es avec le bon de livraison\/certificat de garantie exclusivement \u00e0 l\u2019adresse indiqu\u00e9e par le service client\u00e8le. L\u2019envoi se fait aux frais et aux risques du client. Magnat-Suisse recommande l\u2019envoi par courrier recommand\u00e9. Sur demande, nous serons heureux d\u2019organiser une collecte \u00e0 vos frais.<\/p>\n<p>\u00a0<\/p>\n<p><strong>Magnat-Suisse prend en charge les frais de retour dans les cas suivants :<\/strong><\/p>\n<ul>\n<li>R\u00e9ception d\u2019un article diff\u00e9rent ou non command\u00e9 (mauvaise livraison).<\/li>\n<li>R\u00e9ception d\u2019un article d\u00e9fectueux (DOA)<\/li>\n<li>R\u00e9ception d\u2019un article incomplet<\/li>\n<li>D\u00e9tails incorrects de l\u2019article dans la boutique en ligne (description incorrecte)<\/li>\n<\/ul>\n","protected":false},"excerpt":{"rendered":"<p>Conditions de reprise \u00a0 Magnat-Suisse offre un droit de retour limit\u00e9. Nous vous remercions de votre&#8230;<\/p>\n","protected":false},"author":1,"featured_media":0,"parent":0,"menu_order":0,"comment_status":"closed","ping_status":"closed","template":"","meta":{"_acf_changed":false,"inline_featured_image":false,"footnotes":""},"class_list":["post-2004","page","type-page","status-publish","hentry"],"acf":[],"yoast_head":"<!-- This site is optimized with the Yoast SEO Premium plugin v22.1 (Yoast SEO v27.2) - https:\/\/yoast.com\/product\/yoast-seo-premium-wordpress\/ -->\n<title>Conditions de reprise - Cabasse Suisse<\/title>\n<meta name=\"robots\" content=\"index, follow, max-snippet:-1, max-image-preview:large, max-video-preview:-1\" \/>\n<link rel=\"canonical\" href=\"https:\/\/cabasse-suisse.ch\/fr\/conditions-de-reprise\/\" \/>\n<meta property=\"og:locale\" content=\"fr_FR\" \/>\n<meta property=\"og:type\" content=\"article\" \/>\n<meta property=\"og:title\" content=\"Conditions de reprise\" \/>\n<meta property=\"og:description\" content=\"Conditions de reprise \u00a0 Magnat-Suisse offre un droit de retour limit\u00e9. Nous vous remercions de votre...\" \/>\n<meta property=\"og:url\" content=\"https:\/\/cabasse-suisse.ch\/fr\/conditions-de-reprise\/\" \/>\n<meta property=\"og:site_name\" content=\"Cabasse Suisse\" \/>\n<meta property=\"article:publisher\" content=\"https:\/\/facebook.com\/Cabasse\/\" \/>\n<meta property=\"article:modified_time\" content=\"2021-08-17T20:12:13+00:00\" \/>\n<meta name=\"twitter:card\" content=\"summary_large_image\" \/>\n<meta name=\"twitter:site\" content=\"@CabasseFR\" \/>\n<meta name=\"twitter:label1\" content=\"Dur\u00e9e de lecture estim\u00e9e\" \/>\n\t<meta name=\"twitter:data1\" content=\"2 minutes\" \/>\n<script type=\"application\/ld+json\" class=\"yoast-schema-graph\">{\"@context\":\"https:\/\/schema.org\",\"@graph\":[{\"@type\":\"WebPage\",\"@id\":\"https:\/\/cabasse-suisse.ch\/fr\/conditions-de-reprise\/\",\"url\":\"https:\/\/cabasse-suisse.ch\/fr\/conditions-de-reprise\/\",\"name\":\"Conditions de reprise - Cabasse Suisse\",\"isPartOf\":{\"@id\":\"https:\/\/cabasse-suisse.ch\/fr\/#website\"},\"datePublished\":\"2021-06-14T12:45:28+00:00\",\"dateModified\":\"2021-08-17T20:12:13+00:00\",\"breadcrumb\":{\"@id\":\"https:\/\/cabasse-suisse.ch\/fr\/conditions-de-reprise\/#breadcrumb\"},\"inLanguage\":\"fr-FR\",\"potentialAction\":[{\"@type\":\"ReadAction\",\"target\":[\"https:\/\/cabasse-suisse.ch\/fr\/conditions-de-reprise\/\"]}]},{\"@type\":\"BreadcrumbList\",\"@id\":\"https:\/\/cabasse-suisse.ch\/fr\/conditions-de-reprise\/#breadcrumb\",\"itemListElement\":[{\"@type\":\"ListItem\",\"position\":1,\"name\":\"Home\",\"item\":\"https:\/\/cabasse-suisse.ch\/fr\/\"},{\"@type\":\"ListItem\",\"position\":2,\"name\":\"Conditions de reprise\"}]},{\"@type\":\"WebSite\",\"@id\":\"https:\/\/cabasse-suisse.ch\/fr\/#website\",\"url\":\"https:\/\/cabasse-suisse.ch\/fr\/\",\"name\":\"Cabasse Suisse\",\"description\":\"Offizieller Cabasse Store - For demanding audiophiles\",\"publisher\":{\"@id\":\"https:\/\/cabasse-suisse.ch\/fr\/#organization\"},\"potentialAction\":[{\"@type\":\"SearchAction\",\"target\":{\"@type\":\"EntryPoint\",\"urlTemplate\":\"https:\/\/cabasse-suisse.ch\/fr\/?s={search_term_string}\"},\"query-input\":{\"@type\":\"PropertyValueSpecification\",\"valueRequired\":true,\"valueName\":\"search_term_string\"}}],\"inLanguage\":\"fr-FR\"},{\"@type\":\"Organization\",\"@id\":\"https:\/\/cabasse-suisse.ch\/fr\/#organization\",\"name\":\"Cabasse Suisse\",\"url\":\"https:\/\/cabasse-suisse.ch\/fr\/\",\"logo\":{\"@type\":\"ImageObject\",\"inLanguage\":\"fr-FR\",\"@id\":\"https:\/\/cabasse-suisse.ch\/fr\/#\/schema\/logo\/image\/\",\"url\":\"https:\/\/cabasse-suisse.ch\/wp-content\/uploads\/sites\/12\/2022\/09\/Cabasse.png\",\"contentUrl\":\"https:\/\/cabasse-suisse.ch\/wp-content\/uploads\/sites\/12\/2022\/09\/Cabasse.png\",\"width\":250,\"height\":150,\"caption\":\"Cabasse Suisse\"},\"image\":{\"@id\":\"https:\/\/cabasse-suisse.ch\/fr\/#\/schema\/logo\/image\/\"},\"sameAs\":[\"https:\/\/facebook.com\/Cabasse\/\",\"https:\/\/x.com\/CabasseFR\",\"https:\/\/instagram.com\/cabasseacoustic\"]}]}<\/script>\n<!-- \/ Yoast SEO Premium plugin. -->","yoast_head_json":{"title":"Conditions de reprise - Cabasse Suisse","robots":{"index":"index","follow":"follow","max-snippet":"max-snippet:-1","max-image-preview":"max-image-preview:large","max-video-preview":"max-video-preview:-1"},"canonical":"https:\/\/cabasse-suisse.ch\/fr\/conditions-de-reprise\/","og_locale":"fr_FR","og_type":"article","og_title":"Conditions de reprise","og_description":"Conditions de reprise \u00a0 Magnat-Suisse offre un droit de retour limit\u00e9. Nous vous remercions de votre...","og_url":"https:\/\/cabasse-suisse.ch\/fr\/conditions-de-reprise\/","og_site_name":"Cabasse Suisse","article_publisher":"https:\/\/facebook.com\/Cabasse\/","article_modified_time":"2021-08-17T20:12:13+00:00","twitter_card":"summary_large_image","twitter_site":"@CabasseFR","twitter_misc":{"Dur\u00e9e de lecture estim\u00e9e":"2 minutes"},"schema":{"@context":"https:\/\/schema.org","@graph":[{"@type":"WebPage","@id":"https:\/\/cabasse-suisse.ch\/fr\/conditions-de-reprise\/","url":"https:\/\/cabasse-suisse.ch\/fr\/conditions-de-reprise\/","name":"Conditions de reprise - Cabasse Suisse","isPartOf":{"@id":"https:\/\/cabasse-suisse.ch\/fr\/#website"},"datePublished":"2021-06-14T12:45:28+00:00","dateModified":"2021-08-17T20:12:13+00:00","breadcrumb":{"@id":"https:\/\/cabasse-suisse.ch\/fr\/conditions-de-reprise\/#breadcrumb"},"inLanguage":"fr-FR","potentialAction":[{"@type":"ReadAction","target":["https:\/\/cabasse-suisse.ch\/fr\/conditions-de-reprise\/"]}]},{"@type":"BreadcrumbList","@id":"https:\/\/cabasse-suisse.ch\/fr\/conditions-de-reprise\/#breadcrumb","itemListElement":[{"@type":"ListItem","position":1,"name":"Home","item":"https:\/\/cabasse-suisse.ch\/fr\/"},{"@type":"ListItem","position":2,"name":"Conditions de reprise"}]},{"@type":"WebSite","@id":"https:\/\/cabasse-suisse.ch\/fr\/#website","url":"https:\/\/cabasse-suisse.ch\/fr\/","name":"Cabasse Suisse","description":"Offizieller Cabasse Store - For demanding audiophiles","publisher":{"@id":"https:\/\/cabasse-suisse.ch\/fr\/#organization"},"potentialAction":[{"@type":"SearchAction","target":{"@type":"EntryPoint","urlTemplate":"https:\/\/cabasse-suisse.ch\/fr\/?s={search_term_string}"},"query-input":{"@type":"PropertyValueSpecification","valueRequired":true,"valueName":"search_term_string"}}],"inLanguage":"fr-FR"},{"@type":"Organization","@id":"https:\/\/cabasse-suisse.ch\/fr\/#organization","name":"Cabasse Suisse","url":"https:\/\/cabasse-suisse.ch\/fr\/","logo":{"@type":"ImageObject","inLanguage":"fr-FR","@id":"https:\/\/cabasse-suisse.ch\/fr\/#\/schema\/logo\/image\/","url":"https:\/\/cabasse-suisse.ch\/wp-content\/uploads\/sites\/12\/2022\/09\/Cabasse.png","contentUrl":"https:\/\/cabasse-suisse.ch\/wp-content\/uploads\/sites\/12\/2022\/09\/Cabasse.png","width":250,"height":150,"caption":"Cabasse Suisse"},"image":{"@id":"https:\/\/cabasse-suisse.ch\/fr\/#\/schema\/logo\/image\/"},"sameAs":["https:\/\/facebook.com\/Cabasse\/","https:\/\/x.com\/CabasseFR","https:\/\/instagram.com\/cabasseacoustic"]}]}},"_links":{"self":[{"href":"https:\/\/cabasse-suisse.ch\/fr\/wp-json\/wp\/v2\/pages\/2004","targetHints":{"allow":["GET"]}}],"collection":[{"href":"https:\/\/cabasse-suisse.ch\/fr\/wp-json\/wp\/v2\/pages"}],"about":[{"href":"https:\/\/cabasse-suisse.ch\/fr\/wp-json\/wp\/v2\/types\/page"}],"author":[{"embeddable":true,"href":"https:\/\/cabasse-suisse.ch\/fr\/wp-json\/wp\/v2\/users\/1"}],"replies":[{"embeddable":true,"href":"https:\/\/cabasse-suisse.ch\/fr\/wp-json\/wp\/v2\/comments?post=2004"}],"version-history":[{"count":4,"href":"https:\/\/cabasse-suisse.ch\/fr\/wp-json\/wp\/v2\/pages\/2004\/revisions"}],"predecessor-version":[{"id":2698,"href":"https:\/\/cabasse-suisse.ch\/fr\/wp-json\/wp\/v2\/pages\/2004\/revisions\/2698"}],"wp:attachment":[{"href":"https:\/\/cabasse-suisse.ch\/fr\/wp-json\/wp\/v2\/media?parent=2004"}],"curies":[{"name":"wp","href":"https:\/\/api.w.org\/{rel}","templated":true}]}}