{"id":1997,"date":"2021-06-14T12:45:28","date_gmt":"2021-06-14T12:45:28","guid":{"rendered":"https:\/\/sacom.kdprojekte.de\/versand-lieferung\/"},"modified":"2021-08-17T21:47:02","modified_gmt":"2021-08-17T19:47:02","slug":"expedition-et-livraison","status":"publish","type":"page","link":"https:\/\/cabasse-suisse.ch\/fr\/expedition-et-livraison\/","title":{"rendered":"Exp\u00e9dition et livraison"},"content":{"rendered":"<h1><strong>Exp\u00e9dition et livraison<\/strong><\/h1>\n<p>\u00a0<\/p>\n<p><strong>Livraison<\/strong><\/p>\n<p>Nous livrons dans toute la Suisse et la Principaut\u00e9 du Liechtenstein. Les livraisons \u00e0 domicile d\u2019une valeur de marchandise de CHF 100.00 ou plus sont gratuites. Pour les commandes d\u2019une valeur de marchandise inf\u00e9rieure \u00e0 CHF 100,00, des frais de livraison de CHF 12.00 s\u2019appliquent. La livraison peut \u00eatre effectu\u00e9e \u00e0 une adresse librement s\u00e9lectionnable.<\/p>\n<p>\u00a0<\/p>\n<p><strong>Statut de livraison<\/strong><\/p>\n<p>Apr\u00e8s avoir exp\u00e9di\u00e9 la marchandise, vous recevrez une confirmation d\u2019exp\u00e9dition de notre part par e-mail. Si vous avez un compte client, vous pouvez y consulter \u00e0 tout moment l\u2019\u00e9tat actuel de la livraison.<\/p>\n<p>\u00a0<\/p>\n<p><strong>Heure de livraison<\/strong><\/p>\n<p>Malheureusement, le d\u00e9lai de livraison exact ne peut pas \u00eatre communiqu\u00e9 \u00e0 l\u2019avance. Si vous n\u2019\u00eates pas chez vous lors de la livraison, ils vous laisseront toutes les informations n\u00e9cessaires sur la fa\u00e7on de recevoir votre colis.<\/p>\n<p>En gros, si un article est command\u00e9 avant 15h, la livraison sera g\u00e9n\u00e9ralement effectu\u00e9e le lendemain* \u00e0 l\u2019adresse souhait\u00e9e. Ceci ne s\u2019applique pas aux commandes \u00e0 pr\u00e9paiement et aux gros appareils ou appareils de plus de 30 kg.<\/p>\n<p>* Les commandes pass\u00e9es le vendredi avant 15h seront livr\u00e9es le jour ouvrable suivant. Si vous commandez le week-end, soit le samedi ou le dimanche, la livraison le mardi est possible, la commande ne pouvant \u00eatre trait\u00e9e que le lundi.<\/p>\n<p>\u00a0<\/p>\n<p><strong>Gros appareils et appareils de plus de 30 kg<\/strong><\/p>\n<p>Dans le cas d\u2019appareils particuli\u00e8rement volumineux et\/ou lourds, la livraison \u00e0 l\u2019adresse souhait\u00e9e est effectu\u00e9e par une soci\u00e9t\u00e9 de transport. D\u00e8s que votre commande est pr\u00eate \u00e0 \u00eatre exp\u00e9di\u00e9e, vous serez contact\u00e9 par t\u00e9l\u00e9phone par la compagnie d\u2019exp\u00e9dition pour prendre rendez-vous pour la livraison.<\/p>\n<p>En r\u00e8gle g\u00e9n\u00e9rale, la livraison n\u2019est effectu\u00e9e qu\u2019en bordure de rue, sauf indication contraire sp\u00e9cifique pour le produit.<\/p>\n<p>La cat\u00e9gorie des gros et lourds \u00e9quipements comprend :<\/p>\n<ul>\n<li>Enceintes colonne<\/li>\n<li>Subwoofer<\/li>\n<li>Barres de son et platines de son<\/li>\n<li>Amplificateur<\/li>\n<\/ul>\n<p>\u00a0<\/p>\n<p><strong>Retrait chez un revendeur premium Magnat-Suisse<\/strong><\/p>\n<p>Si vous pr\u00e9f\u00e9rez retirer la marchandise command\u00e9e directement aupr\u00e8s d\u2019un revendeur premium Magnat-Suisse, vous \u00eates oblig\u00e9 de conclure directement le contrat d\u2019achat avec le revendeur. Ce faisant, vous acceptez ses propres conditions g\u00e9n\u00e9rales de vente, de livraison, d\u2019exp\u00e9dition et de paiement des marchandises.<\/p>\n","protected":false},"excerpt":{"rendered":"<p>Exp\u00e9dition et livraison \u00a0 Livraison Nous livrons dans toute la Suisse et la Principaut\u00e9 du Liechtenstein&#8230;.<\/p>\n","protected":false},"author":1,"featured_media":0,"parent":0,"menu_order":0,"comment_status":"closed","ping_status":"closed","template":"","meta":{"_acf_changed":false,"inline_featured_image":false,"footnotes":""},"class_list":["post-1997","page","type-page","status-publish","hentry"],"acf":[],"yoast_head":"<!-- This site is optimized with the Yoast SEO Premium plugin v22.1 (Yoast SEO v27.2) - https:\/\/yoast.com\/product\/yoast-seo-premium-wordpress\/ -->\n<title>Exp\u00e9dition et livraison - Cabasse Suisse<\/title>\n<meta name=\"robots\" content=\"index, follow, max-snippet:-1, max-image-preview:large, max-video-preview:-1\" \/>\n<link rel=\"canonical\" href=\"https:\/\/cabasse-suisse.ch\/fr\/expedition-et-livraison\/\" \/>\n<meta property=\"og:locale\" content=\"fr_FR\" \/>\n<meta property=\"og:type\" content=\"article\" \/>\n<meta property=\"og:title\" content=\"Exp\u00e9dition et livraison\" \/>\n<meta property=\"og:description\" content=\"Exp\u00e9dition et livraison \u00a0 Livraison Nous livrons dans toute la Suisse et la Principaut\u00e9 du Liechtenstein....\" \/>\n<meta property=\"og:url\" content=\"https:\/\/cabasse-suisse.ch\/fr\/expedition-et-livraison\/\" \/>\n<meta property=\"og:site_name\" content=\"Cabasse Suisse\" \/>\n<meta property=\"article:publisher\" content=\"https:\/\/facebook.com\/Cabasse\/\" \/>\n<meta property=\"article:modified_time\" content=\"2021-08-17T19:47:02+00:00\" \/>\n<meta name=\"twitter:card\" content=\"summary_large_image\" \/>\n<meta name=\"twitter:site\" content=\"@CabasseFR\" \/>\n<meta name=\"twitter:label1\" content=\"Dur\u00e9e de lecture estim\u00e9e\" \/>\n\t<meta name=\"twitter:data1\" content=\"2 minutes\" \/>\n<script type=\"application\/ld+json\" class=\"yoast-schema-graph\">{\"@context\":\"https:\/\/schema.org\",\"@graph\":[{\"@type\":\"WebPage\",\"@id\":\"https:\/\/cabasse-suisse.ch\/fr\/expedition-et-livraison\/\",\"url\":\"https:\/\/cabasse-suisse.ch\/fr\/expedition-et-livraison\/\",\"name\":\"Exp\u00e9dition et livraison - Cabasse Suisse\",\"isPartOf\":{\"@id\":\"https:\/\/cabasse-suisse.ch\/fr\/#website\"},\"datePublished\":\"2021-06-14T12:45:28+00:00\",\"dateModified\":\"2021-08-17T19:47:02+00:00\",\"breadcrumb\":{\"@id\":\"https:\/\/cabasse-suisse.ch\/fr\/expedition-et-livraison\/#breadcrumb\"},\"inLanguage\":\"fr-FR\",\"potentialAction\":[{\"@type\":\"ReadAction\",\"target\":[\"https:\/\/cabasse-suisse.ch\/fr\/expedition-et-livraison\/\"]}]},{\"@type\":\"BreadcrumbList\",\"@id\":\"https:\/\/cabasse-suisse.ch\/fr\/expedition-et-livraison\/#breadcrumb\",\"itemListElement\":[{\"@type\":\"ListItem\",\"position\":1,\"name\":\"Home\",\"item\":\"https:\/\/cabasse-suisse.ch\/fr\/\"},{\"@type\":\"ListItem\",\"position\":2,\"name\":\"Exp\u00e9dition et livraison\"}]},{\"@type\":\"WebSite\",\"@id\":\"https:\/\/cabasse-suisse.ch\/fr\/#website\",\"url\":\"https:\/\/cabasse-suisse.ch\/fr\/\",\"name\":\"Cabasse Suisse\",\"description\":\"Offizieller Cabasse Store - For demanding audiophiles\",\"publisher\":{\"@id\":\"https:\/\/cabasse-suisse.ch\/fr\/#organization\"},\"potentialAction\":[{\"@type\":\"SearchAction\",\"target\":{\"@type\":\"EntryPoint\",\"urlTemplate\":\"https:\/\/cabasse-suisse.ch\/fr\/?s={search_term_string}\"},\"query-input\":{\"@type\":\"PropertyValueSpecification\",\"valueRequired\":true,\"valueName\":\"search_term_string\"}}],\"inLanguage\":\"fr-FR\"},{\"@type\":\"Organization\",\"@id\":\"https:\/\/cabasse-suisse.ch\/fr\/#organization\",\"name\":\"Cabasse Suisse\",\"url\":\"https:\/\/cabasse-suisse.ch\/fr\/\",\"logo\":{\"@type\":\"ImageObject\",\"inLanguage\":\"fr-FR\",\"@id\":\"https:\/\/cabasse-suisse.ch\/fr\/#\/schema\/logo\/image\/\",\"url\":\"https:\/\/cabasse-suisse.ch\/wp-content\/uploads\/sites\/12\/2022\/09\/Cabasse.png\",\"contentUrl\":\"https:\/\/cabasse-suisse.ch\/wp-content\/uploads\/sites\/12\/2022\/09\/Cabasse.png\",\"width\":250,\"height\":150,\"caption\":\"Cabasse Suisse\"},\"image\":{\"@id\":\"https:\/\/cabasse-suisse.ch\/fr\/#\/schema\/logo\/image\/\"},\"sameAs\":[\"https:\/\/facebook.com\/Cabasse\/\",\"https:\/\/x.com\/CabasseFR\",\"https:\/\/instagram.com\/cabasseacoustic\"]}]}<\/script>\n<!-- \/ Yoast SEO Premium plugin. -->","yoast_head_json":{"title":"Exp\u00e9dition et livraison - Cabasse Suisse","robots":{"index":"index","follow":"follow","max-snippet":"max-snippet:-1","max-image-preview":"max-image-preview:large","max-video-preview":"max-video-preview:-1"},"canonical":"https:\/\/cabasse-suisse.ch\/fr\/expedition-et-livraison\/","og_locale":"fr_FR","og_type":"article","og_title":"Exp\u00e9dition et livraison","og_description":"Exp\u00e9dition et livraison \u00a0 Livraison Nous livrons dans toute la Suisse et la Principaut\u00e9 du Liechtenstein....","og_url":"https:\/\/cabasse-suisse.ch\/fr\/expedition-et-livraison\/","og_site_name":"Cabasse Suisse","article_publisher":"https:\/\/facebook.com\/Cabasse\/","article_modified_time":"2021-08-17T19:47:02+00:00","twitter_card":"summary_large_image","twitter_site":"@CabasseFR","twitter_misc":{"Dur\u00e9e de lecture estim\u00e9e":"2 minutes"},"schema":{"@context":"https:\/\/schema.org","@graph":[{"@type":"WebPage","@id":"https:\/\/cabasse-suisse.ch\/fr\/expedition-et-livraison\/","url":"https:\/\/cabasse-suisse.ch\/fr\/expedition-et-livraison\/","name":"Exp\u00e9dition et livraison - Cabasse Suisse","isPartOf":{"@id":"https:\/\/cabasse-suisse.ch\/fr\/#website"},"datePublished":"2021-06-14T12:45:28+00:00","dateModified":"2021-08-17T19:47:02+00:00","breadcrumb":{"@id":"https:\/\/cabasse-suisse.ch\/fr\/expedition-et-livraison\/#breadcrumb"},"inLanguage":"fr-FR","potentialAction":[{"@type":"ReadAction","target":["https:\/\/cabasse-suisse.ch\/fr\/expedition-et-livraison\/"]}]},{"@type":"BreadcrumbList","@id":"https:\/\/cabasse-suisse.ch\/fr\/expedition-et-livraison\/#breadcrumb","itemListElement":[{"@type":"ListItem","position":1,"name":"Home","item":"https:\/\/cabasse-suisse.ch\/fr\/"},{"@type":"ListItem","position":2,"name":"Exp\u00e9dition et livraison"}]},{"@type":"WebSite","@id":"https:\/\/cabasse-suisse.ch\/fr\/#website","url":"https:\/\/cabasse-suisse.ch\/fr\/","name":"Cabasse Suisse","description":"Offizieller Cabasse Store - For demanding audiophiles","publisher":{"@id":"https:\/\/cabasse-suisse.ch\/fr\/#organization"},"potentialAction":[{"@type":"SearchAction","target":{"@type":"EntryPoint","urlTemplate":"https:\/\/cabasse-suisse.ch\/fr\/?s={search_term_string}"},"query-input":{"@type":"PropertyValueSpecification","valueRequired":true,"valueName":"search_term_string"}}],"inLanguage":"fr-FR"},{"@type":"Organization","@id":"https:\/\/cabasse-suisse.ch\/fr\/#organization","name":"Cabasse Suisse","url":"https:\/\/cabasse-suisse.ch\/fr\/","logo":{"@type":"ImageObject","inLanguage":"fr-FR","@id":"https:\/\/cabasse-suisse.ch\/fr\/#\/schema\/logo\/image\/","url":"https:\/\/cabasse-suisse.ch\/wp-content\/uploads\/sites\/12\/2022\/09\/Cabasse.png","contentUrl":"https:\/\/cabasse-suisse.ch\/wp-content\/uploads\/sites\/12\/2022\/09\/Cabasse.png","width":250,"height":150,"caption":"Cabasse Suisse"},"image":{"@id":"https:\/\/cabasse-suisse.ch\/fr\/#\/schema\/logo\/image\/"},"sameAs":["https:\/\/facebook.com\/Cabasse\/","https:\/\/x.com\/CabasseFR","https:\/\/instagram.com\/cabasseacoustic"]}]}},"_links":{"self":[{"href":"https:\/\/cabasse-suisse.ch\/fr\/wp-json\/wp\/v2\/pages\/1997","targetHints":{"allow":["GET"]}}],"collection":[{"href":"https:\/\/cabasse-suisse.ch\/fr\/wp-json\/wp\/v2\/pages"}],"about":[{"href":"https:\/\/cabasse-suisse.ch\/fr\/wp-json\/wp\/v2\/types\/page"}],"author":[{"embeddable":true,"href":"https:\/\/cabasse-suisse.ch\/fr\/wp-json\/wp\/v2\/users\/1"}],"replies":[{"embeddable":true,"href":"https:\/\/cabasse-suisse.ch\/fr\/wp-json\/wp\/v2\/comments?post=1997"}],"version-history":[{"count":4,"href":"https:\/\/cabasse-suisse.ch\/fr\/wp-json\/wp\/v2\/pages\/1997\/revisions"}],"predecessor-version":[{"id":2696,"href":"https:\/\/cabasse-suisse.ch\/fr\/wp-json\/wp\/v2\/pages\/1997\/revisions\/2696"}],"wp:attachment":[{"href":"https:\/\/cabasse-suisse.ch\/fr\/wp-json\/wp\/v2\/media?parent=1997"}],"curies":[{"name":"wp","href":"https:\/\/api.w.org\/{rel}","templated":true}]}}