{"id":2023,"date":"2021-08-06T11:05:29","date_gmt":"2021-08-06T09:05:29","guid":{"rendered":"https:\/\/sacom.kdprojekte.de\/recycling-und-nachhaltigkeit\/"},"modified":"2021-08-06T11:10:47","modified_gmt":"2021-08-06T09:10:47","slug":"recycling-and-sustainability","status":"publish","type":"page","link":"https:\/\/cabasse-suisse.ch\/en\/recycling-and-sustainability\/","title":{"rendered":"Recycling and Sustainability"},"content":{"rendered":"<h1>Recycling and Sustainability at Magnat-Suisse<\/h1>\n<p><strong>Recycling Batterien<\/strong><\/p>\n<p>Batterien sind n\u00fctzlich, werden aber zu Sonderabfall. Gebrauchte Batterien und Akkus weisen einen hohen Anteil an wieder verwertbaren Materialien, so genannten Wertstoffen auf. Dadurch, dass sie im Recyclingprozess zur\u00fcckgewonnen werden, statt in den Abfall zu gelangen, leisten wir einen Beitrag zur Erhaltung wichtiger Ressourcen. Und wir sch\u00fctzen die Umwelt vor sch\u00e4dlichen Schwermetallen. Gebrauchte Batterien gelten in der Schweiz als Sonderabfall. Das Gesetz verpflichtet alle Konsumentinnen und Konsumenten, sie an den Verkaufspunkt oder eine andere Sammelstelle zur\u00fcckzubringen.<\/p>\n<p><strong>\u00a0<\/strong><\/p>\n<p><strong>Recycling Elektronik-Schrott<\/strong><\/p>\n<p>Ausgediente Elektro- und Elektronikger\u00e4te d\u00fcrfen nicht in den Abfall geworfen werden, und der Handel ist verpflichtet, sie zur\u00fcckzunehmen. Dank der vorgezogenen Recyclinggeb\u00fchr (vRG) ist die R\u00fcckgabe gratis. Dies gilt f\u00fcr alle Haushaltger\u00e4te vom K\u00fchlschrank \u00fcber die Kaffeemaschine, das B\u00fcgeleisen bis zum elektrischen Dosen\u00f6ffner. Die Gratisr\u00fcckgabe gilt auch f\u00fcr Unterhaltungsger\u00e4te wie Radio, Fernseher, Videoger\u00e4te, Kameras, Ger\u00e4te der B\u00fcroelektronik und Spielwaren. Die zur\u00fcckgebrachten Ger\u00e4te gehen an zertifizierte Entsorgungsbetriebe, wo bis zu 75% der Stoffe zur\u00fcckgewonnen werden k\u00f6nnen. Mehr Infos: www.erecycling.ch oder www.swicorecycling.ch.<\/p>\n<p>\u00a0<\/p>\n<p><strong>Vorgezogene Recyclinggeb\u00fchr (VRG) \u2013 der Umwelt zuliebe!<\/strong><\/p>\n<p>Die Preise bei Magnat-Suisse verstehen sich immer inklusive vorgezogene Recyclinggeb\u00fchr (VRG). Die VRG schreibt vor, dass Konsumentinnen und Konsumenten Ger\u00e4te mit elektronischen\/elektrischen Komponenten zur fachgerechten Entsorgung retournieren m\u00fcssen. Daf\u00fcr existiert landesweit ein R\u00fccknahmesystem.<\/p>\n<p>\u00a0<\/p>\n<p><strong>R\u00fcckgabepflicht f\u00fcr den Konsumenten<\/strong><\/p>\n<p>Als Konsument sind Sie gesetzlich verpflichtet, ausgediente Elektro- und Elektronikger\u00e4te der umweltgerechten Entsorgung zuzuf\u00fchren. Dies betrifft folgende Ger\u00e4tegruppen, f\u00fcr welche die Entsorgung durch die VRG finanziert wird:<\/p>\n<ul>\n<li>Haushaltsger\u00e4te<\/li>\n<li>Elektrowerkzeuge und Ger\u00e4te der Bereiche Bau, Garten und Hobby<\/li>\n<li>Spielwaren mit elektrischen und elektronischen Komponenten<\/li>\n<li>Unterhaltungs- und B\u00fcroelektronik.<\/li>\n<\/ul>\n<p>Ausgediente Ger\u00e4te dieser Ger\u00e4tegruppen k\u00f6nnen Sie gratis abgeben, vorausgesetzt, dass dieselbe Art von Ger\u00e4ten im Sortiment der jeweiligen Verkaufsstelle vorhanden ist. Die Gratisr\u00fcckgabe ist auch bei den offiziellen SENS-Sammelstellen m\u00f6glich.\u00a0Offizielle VRG-Tarif- und Ger\u00e4teliste siehe unter <a href=\"http:\/\/www.sens.ch\">www.sens.ch<\/a> und <a href=\"http:\/\/www.swico.ch\">www.swico.ch<\/a> f\u00fcr Unterhaltungs- und B\u00fcroelektronik.<\/p>\n<p>N\u00fctzliche Adressen zur Nachhaltigkeit:<\/p>\n<ul>\n<li>EnergieSchweiz <a href=\"https:\/\/www.energieschweiz.ch\/\">https:\/\/www.energieschweiz.ch\/<\/a><\/li>\n<li>Bundesamt f\u00fcr Energie BFE <a href=\"https:\/\/www.bfe.admin.ch\/bfe\/de\/home.html\">https:\/\/www.bfe.admin.ch\/bfe\/de\/home.html<\/a><\/li>\n<li>Energie Experten <a href=\"https:\/\/www.energiefranken.ch\/de\">https:\/\/www.energiefranken.ch\/de<\/a><\/li>\n<li>Swico Recycling <a href=\"https:\/\/www.swico.ch\/de\/recycling\/\">https:\/\/www.swico.ch\/de\/recycling\/<\/a><\/li>\n<li>Stiftung SENS eRecycling <a href=\"https:\/\/www.erecycling.ch\/\">https:\/\/www.erecycling.ch\/<\/a><\/li>\n<li>S.A.F.E.(Schweizerische Agentur f\u00fcr Energieeffizienz) <a href=\"https:\/\/www.energieeffizienz.ch\/de\/home.html\">https:\/\/www.energieeffizienz.ch\/de\/home.html<\/a><\/li>\n<\/ul>\n","protected":false},"excerpt":{"rendered":"<p>Recycling and Sustainability at Magnat-Suisse Recycling Batterien Batterien sind n\u00fctzlich, werden aber zu Sonderabfall. Gebrauchte Batterien&#8230;<\/p>\n","protected":false},"author":2,"featured_media":0,"parent":0,"menu_order":0,"comment_status":"closed","ping_status":"closed","template":"","meta":{"_acf_changed":false,"inline_featured_image":false,"footnotes":""},"class_list":["post-2023","page","type-page","status-publish","hentry"],"acf":[],"yoast_head":"<!-- This site is optimized with the Yoast SEO Premium plugin v22.1 (Yoast SEO v27.2) - https:\/\/yoast.com\/product\/yoast-seo-premium-wordpress\/ -->\n<title>Recycling and Sustainability - Cabasse Suisse<\/title>\n<meta name=\"robots\" content=\"index, follow, max-snippet:-1, max-image-preview:large, max-video-preview:-1\" \/>\n<link rel=\"canonical\" href=\"https:\/\/cabasse-suisse.ch\/en\/recycling-and-sustainability\/\" \/>\n<meta property=\"og:locale\" content=\"en_US\" \/>\n<meta property=\"og:type\" content=\"article\" \/>\n<meta property=\"og:title\" content=\"Recycling and Sustainability\" \/>\n<meta property=\"og:description\" content=\"Recycling and Sustainability at Magnat-Suisse Recycling Batterien Batterien sind n\u00fctzlich, werden aber zu Sonderabfall. Gebrauchte Batterien...\" \/>\n<meta property=\"og:url\" content=\"https:\/\/cabasse-suisse.ch\/en\/recycling-and-sustainability\/\" \/>\n<meta property=\"og:site_name\" content=\"Cabasse Suisse\" \/>\n<meta property=\"article:publisher\" content=\"https:\/\/facebook.com\/Cabasse\/\" \/>\n<meta property=\"article:modified_time\" content=\"2021-08-06T09:10:47+00:00\" \/>\n<meta name=\"twitter:card\" content=\"summary_large_image\" \/>\n<meta name=\"twitter:site\" content=\"@CabasseFR\" \/>\n<meta name=\"twitter:label1\" content=\"Est. reading time\" \/>\n\t<meta name=\"twitter:data1\" content=\"2 minutes\" \/>\n<script type=\"application\/ld+json\" class=\"yoast-schema-graph\">{\"@context\":\"https:\/\/schema.org\",\"@graph\":[{\"@type\":\"WebPage\",\"@id\":\"https:\/\/cabasse-suisse.ch\/en\/recycling-and-sustainability\/\",\"url\":\"https:\/\/cabasse-suisse.ch\/en\/recycling-and-sustainability\/\",\"name\":\"Recycling and Sustainability - Cabasse Suisse\",\"isPartOf\":{\"@id\":\"https:\/\/cabasse-suisse.ch\/en\/#website\"},\"datePublished\":\"2021-08-06T09:05:29+00:00\",\"dateModified\":\"2021-08-06T09:10:47+00:00\",\"breadcrumb\":{\"@id\":\"https:\/\/cabasse-suisse.ch\/en\/recycling-and-sustainability\/#breadcrumb\"},\"inLanguage\":\"en-US\",\"potentialAction\":[{\"@type\":\"ReadAction\",\"target\":[\"https:\/\/cabasse-suisse.ch\/en\/recycling-and-sustainability\/\"]}]},{\"@type\":\"BreadcrumbList\",\"@id\":\"https:\/\/cabasse-suisse.ch\/en\/recycling-and-sustainability\/#breadcrumb\",\"itemListElement\":[{\"@type\":\"ListItem\",\"position\":1,\"name\":\"Home\",\"item\":\"https:\/\/cabasse-suisse.ch\/en\/\"},{\"@type\":\"ListItem\",\"position\":2,\"name\":\"Recycling and Sustainability\"}]},{\"@type\":\"WebSite\",\"@id\":\"https:\/\/cabasse-suisse.ch\/en\/#website\",\"url\":\"https:\/\/cabasse-suisse.ch\/en\/\",\"name\":\"Cabasse Suisse\",\"description\":\"Offizieller Cabasse Store - For demanding audiophiles\",\"publisher\":{\"@id\":\"https:\/\/cabasse-suisse.ch\/en\/#organization\"},\"potentialAction\":[{\"@type\":\"SearchAction\",\"target\":{\"@type\":\"EntryPoint\",\"urlTemplate\":\"https:\/\/cabasse-suisse.ch\/en\/?s={search_term_string}\"},\"query-input\":{\"@type\":\"PropertyValueSpecification\",\"valueRequired\":true,\"valueName\":\"search_term_string\"}}],\"inLanguage\":\"en-US\"},{\"@type\":\"Organization\",\"@id\":\"https:\/\/cabasse-suisse.ch\/en\/#organization\",\"name\":\"Cabasse Suisse\",\"url\":\"https:\/\/cabasse-suisse.ch\/en\/\",\"logo\":{\"@type\":\"ImageObject\",\"inLanguage\":\"en-US\",\"@id\":\"https:\/\/cabasse-suisse.ch\/en\/#\/schema\/logo\/image\/\",\"url\":\"https:\/\/cabasse-suisse.ch\/wp-content\/uploads\/sites\/12\/2022\/09\/Cabasse.png\",\"contentUrl\":\"https:\/\/cabasse-suisse.ch\/wp-content\/uploads\/sites\/12\/2022\/09\/Cabasse.png\",\"width\":250,\"height\":150,\"caption\":\"Cabasse Suisse\"},\"image\":{\"@id\":\"https:\/\/cabasse-suisse.ch\/en\/#\/schema\/logo\/image\/\"},\"sameAs\":[\"https:\/\/facebook.com\/Cabasse\/\",\"https:\/\/x.com\/CabasseFR\",\"https:\/\/instagram.com\/cabasseacoustic\"]}]}<\/script>\n<!-- \/ Yoast SEO Premium plugin. -->","yoast_head_json":{"title":"Recycling and Sustainability - Cabasse Suisse","robots":{"index":"index","follow":"follow","max-snippet":"max-snippet:-1","max-image-preview":"max-image-preview:large","max-video-preview":"max-video-preview:-1"},"canonical":"https:\/\/cabasse-suisse.ch\/en\/recycling-and-sustainability\/","og_locale":"en_US","og_type":"article","og_title":"Recycling and Sustainability","og_description":"Recycling and Sustainability at Magnat-Suisse Recycling Batterien Batterien sind n\u00fctzlich, werden aber zu Sonderabfall. Gebrauchte Batterien...","og_url":"https:\/\/cabasse-suisse.ch\/en\/recycling-and-sustainability\/","og_site_name":"Cabasse Suisse","article_publisher":"https:\/\/facebook.com\/Cabasse\/","article_modified_time":"2021-08-06T09:10:47+00:00","twitter_card":"summary_large_image","twitter_site":"@CabasseFR","twitter_misc":{"Est. reading time":"2 minutes"},"schema":{"@context":"https:\/\/schema.org","@graph":[{"@type":"WebPage","@id":"https:\/\/cabasse-suisse.ch\/en\/recycling-and-sustainability\/","url":"https:\/\/cabasse-suisse.ch\/en\/recycling-and-sustainability\/","name":"Recycling and Sustainability - Cabasse Suisse","isPartOf":{"@id":"https:\/\/cabasse-suisse.ch\/en\/#website"},"datePublished":"2021-08-06T09:05:29+00:00","dateModified":"2021-08-06T09:10:47+00:00","breadcrumb":{"@id":"https:\/\/cabasse-suisse.ch\/en\/recycling-and-sustainability\/#breadcrumb"},"inLanguage":"en-US","potentialAction":[{"@type":"ReadAction","target":["https:\/\/cabasse-suisse.ch\/en\/recycling-and-sustainability\/"]}]},{"@type":"BreadcrumbList","@id":"https:\/\/cabasse-suisse.ch\/en\/recycling-and-sustainability\/#breadcrumb","itemListElement":[{"@type":"ListItem","position":1,"name":"Home","item":"https:\/\/cabasse-suisse.ch\/en\/"},{"@type":"ListItem","position":2,"name":"Recycling and Sustainability"}]},{"@type":"WebSite","@id":"https:\/\/cabasse-suisse.ch\/en\/#website","url":"https:\/\/cabasse-suisse.ch\/en\/","name":"Cabasse Suisse","description":"Offizieller Cabasse Store - For demanding audiophiles","publisher":{"@id":"https:\/\/cabasse-suisse.ch\/en\/#organization"},"potentialAction":[{"@type":"SearchAction","target":{"@type":"EntryPoint","urlTemplate":"https:\/\/cabasse-suisse.ch\/en\/?s={search_term_string}"},"query-input":{"@type":"PropertyValueSpecification","valueRequired":true,"valueName":"search_term_string"}}],"inLanguage":"en-US"},{"@type":"Organization","@id":"https:\/\/cabasse-suisse.ch\/en\/#organization","name":"Cabasse Suisse","url":"https:\/\/cabasse-suisse.ch\/en\/","logo":{"@type":"ImageObject","inLanguage":"en-US","@id":"https:\/\/cabasse-suisse.ch\/en\/#\/schema\/logo\/image\/","url":"https:\/\/cabasse-suisse.ch\/wp-content\/uploads\/sites\/12\/2022\/09\/Cabasse.png","contentUrl":"https:\/\/cabasse-suisse.ch\/wp-content\/uploads\/sites\/12\/2022\/09\/Cabasse.png","width":250,"height":150,"caption":"Cabasse Suisse"},"image":{"@id":"https:\/\/cabasse-suisse.ch\/en\/#\/schema\/logo\/image\/"},"sameAs":["https:\/\/facebook.com\/Cabasse\/","https:\/\/x.com\/CabasseFR","https:\/\/instagram.com\/cabasseacoustic"]}]}},"_links":{"self":[{"href":"https:\/\/cabasse-suisse.ch\/en\/wp-json\/wp\/v2\/pages\/2023","targetHints":{"allow":["GET"]}}],"collection":[{"href":"https:\/\/cabasse-suisse.ch\/en\/wp-json\/wp\/v2\/pages"}],"about":[{"href":"https:\/\/cabasse-suisse.ch\/en\/wp-json\/wp\/v2\/types\/page"}],"author":[{"embeddable":true,"href":"https:\/\/cabasse-suisse.ch\/en\/wp-json\/wp\/v2\/users\/2"}],"replies":[{"embeddable":true,"href":"https:\/\/cabasse-suisse.ch\/en\/wp-json\/wp\/v2\/comments?post=2023"}],"version-history":[{"count":1,"href":"https:\/\/cabasse-suisse.ch\/en\/wp-json\/wp\/v2\/pages\/2023\/revisions"}],"predecessor-version":[{"id":2027,"href":"https:\/\/cabasse-suisse.ch\/en\/wp-json\/wp\/v2\/pages\/2023\/revisions\/2027"}],"wp:attachment":[{"href":"https:\/\/cabasse-suisse.ch\/en\/wp-json\/wp\/v2\/media?parent=2023"}],"curies":[{"name":"wp","href":"https:\/\/api.w.org\/{rel}","templated":true}]}}