{"id":2009,"date":"2021-06-14T17:02:20","date_gmt":"2021-06-14T17:02:20","guid":{"rendered":"https:\/\/sacom.kdprojekte.de\/garantie\/"},"modified":"2021-08-06T10:57:46","modified_gmt":"2021-08-06T08:57:46","slug":"warranty","status":"publish","type":"page","link":"https:\/\/cabasse-suisse.ch\/en\/warranty\/","title":{"rendered":"Warranty"},"content":{"rendered":"<h1>Warranty<\/h1>\n<p class=\"uIyEJC _1EbEh9\"><strong>2 Jahre Garantie<\/strong><\/p>\n<p>Wir gew\u00e4hrleisten Ihnen auf alle bei uns gekauften Artikel eine Herstellergarantie von mindestens zwei Jahren. Davon ausgenommen sind Dienstleistungen, Batterien, Akkus, Geh\u00e4useteile, Verschleissteile, Restposten und Verbrauchsartikel. Die Garantiedauer ist jeweils auf dem Verkaufsbeleg oder dem Lieferschein pro Artikel aufgelistet. Im Falle eines Defekts mit Garantieanspruch wird ein defektes Ger\u00e4t entweder ausgetauscht oder repariert. Wird die Garantie in Anspruch genommen verl\u00e4ngert sich die Garantie nicht, sondern l\u00e4uft einfach weiter.<\/p>\n<p>Beachten Sie bitte, dass nicht jeder technische Defekt innerhalb der Garantiezeit auch zwingend ein Garantiefall sein muss. Der Garantieanspruch wird in F\u00e4llen wie Elementarsch\u00e4den, Feuchtigkeitssch\u00e4den, Schlag- oder Sturzsch\u00e4den, nat\u00fcrliche Abnutzung, Fehlmanipulationen, Besch\u00e4digungen durch Einwirkung von aussen sowie Eingriffe in das Produkt oder dessen Modifikation vom Hersteller in der Regel abgelehnt. Wird ein Ger\u00e4t trotz M\u00e4ngeln, die nicht unter Garantie fallen, eingeschickt wird, tr\u00e4gt der Kunde die Kosten daf\u00fcr.<\/p>\n<p>\u00a0<\/p>\n<div class=\"_13JJtN\">\n<div class=\"ulvVbt\">\n<div class=\"_3Cyvoi\">\n<div class=\"_2toq5r\">\n<div>\n<p class=\"uIyEJC _17boQw\"><strong>Liefer- und Garantieschein<\/strong><\/p>\n<div class=\"_2toq5r\">\n<p>Der Verkaufsbeleg oder der Lieferschein gilt immer auch als Garantieschein. Sie finden diesen in der von uns an Sie \u00fcbermittelten Versandbest\u00e4tigung oder in Ihrem Kundenkonto. Danke f\u00fcr die sorgf\u00e4ltige Aufbewahrung. Sollte er doch einmal verloren gehen, wenden Sie sich bitte an unseren Kundendienst<\/p>\n<\/div>\n<\/div>\n<\/div>\n<\/div>\n<\/div>\n<\/div>\n","protected":false},"excerpt":{"rendered":"<p>Warranty 2 Jahre Garantie Wir gew\u00e4hrleisten Ihnen auf alle bei uns gekauften Artikel eine Herstellergarantie von&#8230;<\/p>\n","protected":false},"author":1,"featured_media":0,"parent":0,"menu_order":0,"comment_status":"closed","ping_status":"closed","template":"","meta":{"_acf_changed":false,"inline_featured_image":false,"footnotes":""},"class_list":["post-2009","page","type-page","status-publish","hentry"],"acf":[],"yoast_head":"<!-- This site is optimized with the Yoast SEO Premium plugin v22.1 (Yoast SEO v27.2) - https:\/\/yoast.com\/product\/yoast-seo-premium-wordpress\/ -->\n<title>Warranty - Cabasse Suisse<\/title>\n<meta name=\"robots\" content=\"index, follow, max-snippet:-1, max-image-preview:large, max-video-preview:-1\" \/>\n<link rel=\"canonical\" href=\"https:\/\/cabasse-suisse.ch\/en\/warranty\/\" \/>\n<meta property=\"og:locale\" content=\"en_US\" \/>\n<meta property=\"og:type\" content=\"article\" \/>\n<meta property=\"og:title\" content=\"Warranty\" \/>\n<meta property=\"og:description\" content=\"Warranty 2 Jahre Garantie Wir gew\u00e4hrleisten Ihnen auf alle bei uns gekauften Artikel eine Herstellergarantie von...\" \/>\n<meta property=\"og:url\" content=\"https:\/\/cabasse-suisse.ch\/en\/warranty\/\" \/>\n<meta property=\"og:site_name\" content=\"Cabasse Suisse\" \/>\n<meta property=\"article:publisher\" content=\"https:\/\/facebook.com\/Cabasse\/\" \/>\n<meta property=\"article:modified_time\" content=\"2021-08-06T08:57:46+00:00\" \/>\n<meta name=\"twitter:card\" content=\"summary_large_image\" \/>\n<meta name=\"twitter:site\" content=\"@CabasseFR\" \/>\n<meta name=\"twitter:label1\" content=\"Est. reading time\" \/>\n\t<meta name=\"twitter:data1\" content=\"1 minute\" \/>\n<script type=\"application\/ld+json\" class=\"yoast-schema-graph\">{\"@context\":\"https:\/\/schema.org\",\"@graph\":[{\"@type\":\"WebPage\",\"@id\":\"https:\/\/cabasse-suisse.ch\/en\/warranty\/\",\"url\":\"https:\/\/cabasse-suisse.ch\/en\/warranty\/\",\"name\":\"Warranty - Cabasse Suisse\",\"isPartOf\":{\"@id\":\"https:\/\/cabasse-suisse.ch\/en\/#website\"},\"datePublished\":\"2021-06-14T17:02:20+00:00\",\"dateModified\":\"2021-08-06T08:57:46+00:00\",\"breadcrumb\":{\"@id\":\"https:\/\/cabasse-suisse.ch\/en\/warranty\/#breadcrumb\"},\"inLanguage\":\"en-US\",\"potentialAction\":[{\"@type\":\"ReadAction\",\"target\":[\"https:\/\/cabasse-suisse.ch\/en\/warranty\/\"]}]},{\"@type\":\"BreadcrumbList\",\"@id\":\"https:\/\/cabasse-suisse.ch\/en\/warranty\/#breadcrumb\",\"itemListElement\":[{\"@type\":\"ListItem\",\"position\":1,\"name\":\"Home\",\"item\":\"https:\/\/cabasse-suisse.ch\/en\/\"},{\"@type\":\"ListItem\",\"position\":2,\"name\":\"Warranty\"}]},{\"@type\":\"WebSite\",\"@id\":\"https:\/\/cabasse-suisse.ch\/en\/#website\",\"url\":\"https:\/\/cabasse-suisse.ch\/en\/\",\"name\":\"Cabasse Suisse\",\"description\":\"Offizieller Cabasse Store - For demanding audiophiles\",\"publisher\":{\"@id\":\"https:\/\/cabasse-suisse.ch\/en\/#organization\"},\"potentialAction\":[{\"@type\":\"SearchAction\",\"target\":{\"@type\":\"EntryPoint\",\"urlTemplate\":\"https:\/\/cabasse-suisse.ch\/en\/?s={search_term_string}\"},\"query-input\":{\"@type\":\"PropertyValueSpecification\",\"valueRequired\":true,\"valueName\":\"search_term_string\"}}],\"inLanguage\":\"en-US\"},{\"@type\":\"Organization\",\"@id\":\"https:\/\/cabasse-suisse.ch\/en\/#organization\",\"name\":\"Cabasse Suisse\",\"url\":\"https:\/\/cabasse-suisse.ch\/en\/\",\"logo\":{\"@type\":\"ImageObject\",\"inLanguage\":\"en-US\",\"@id\":\"https:\/\/cabasse-suisse.ch\/en\/#\/schema\/logo\/image\/\",\"url\":\"https:\/\/cabasse-suisse.ch\/wp-content\/uploads\/sites\/12\/2022\/09\/Cabasse.png\",\"contentUrl\":\"https:\/\/cabasse-suisse.ch\/wp-content\/uploads\/sites\/12\/2022\/09\/Cabasse.png\",\"width\":250,\"height\":150,\"caption\":\"Cabasse Suisse\"},\"image\":{\"@id\":\"https:\/\/cabasse-suisse.ch\/en\/#\/schema\/logo\/image\/\"},\"sameAs\":[\"https:\/\/facebook.com\/Cabasse\/\",\"https:\/\/x.com\/CabasseFR\",\"https:\/\/instagram.com\/cabasseacoustic\"]}]}<\/script>\n<!-- \/ Yoast SEO Premium plugin. -->","yoast_head_json":{"title":"Warranty - Cabasse Suisse","robots":{"index":"index","follow":"follow","max-snippet":"max-snippet:-1","max-image-preview":"max-image-preview:large","max-video-preview":"max-video-preview:-1"},"canonical":"https:\/\/cabasse-suisse.ch\/en\/warranty\/","og_locale":"en_US","og_type":"article","og_title":"Warranty","og_description":"Warranty 2 Jahre Garantie Wir gew\u00e4hrleisten Ihnen auf alle bei uns gekauften Artikel eine Herstellergarantie von...","og_url":"https:\/\/cabasse-suisse.ch\/en\/warranty\/","og_site_name":"Cabasse Suisse","article_publisher":"https:\/\/facebook.com\/Cabasse\/","article_modified_time":"2021-08-06T08:57:46+00:00","twitter_card":"summary_large_image","twitter_site":"@CabasseFR","twitter_misc":{"Est. reading time":"1 minute"},"schema":{"@context":"https:\/\/schema.org","@graph":[{"@type":"WebPage","@id":"https:\/\/cabasse-suisse.ch\/en\/warranty\/","url":"https:\/\/cabasse-suisse.ch\/en\/warranty\/","name":"Warranty - Cabasse Suisse","isPartOf":{"@id":"https:\/\/cabasse-suisse.ch\/en\/#website"},"datePublished":"2021-06-14T17:02:20+00:00","dateModified":"2021-08-06T08:57:46+00:00","breadcrumb":{"@id":"https:\/\/cabasse-suisse.ch\/en\/warranty\/#breadcrumb"},"inLanguage":"en-US","potentialAction":[{"@type":"ReadAction","target":["https:\/\/cabasse-suisse.ch\/en\/warranty\/"]}]},{"@type":"BreadcrumbList","@id":"https:\/\/cabasse-suisse.ch\/en\/warranty\/#breadcrumb","itemListElement":[{"@type":"ListItem","position":1,"name":"Home","item":"https:\/\/cabasse-suisse.ch\/en\/"},{"@type":"ListItem","position":2,"name":"Warranty"}]},{"@type":"WebSite","@id":"https:\/\/cabasse-suisse.ch\/en\/#website","url":"https:\/\/cabasse-suisse.ch\/en\/","name":"Cabasse Suisse","description":"Offizieller Cabasse Store - For demanding audiophiles","publisher":{"@id":"https:\/\/cabasse-suisse.ch\/en\/#organization"},"potentialAction":[{"@type":"SearchAction","target":{"@type":"EntryPoint","urlTemplate":"https:\/\/cabasse-suisse.ch\/en\/?s={search_term_string}"},"query-input":{"@type":"PropertyValueSpecification","valueRequired":true,"valueName":"search_term_string"}}],"inLanguage":"en-US"},{"@type":"Organization","@id":"https:\/\/cabasse-suisse.ch\/en\/#organization","name":"Cabasse Suisse","url":"https:\/\/cabasse-suisse.ch\/en\/","logo":{"@type":"ImageObject","inLanguage":"en-US","@id":"https:\/\/cabasse-suisse.ch\/en\/#\/schema\/logo\/image\/","url":"https:\/\/cabasse-suisse.ch\/wp-content\/uploads\/sites\/12\/2022\/09\/Cabasse.png","contentUrl":"https:\/\/cabasse-suisse.ch\/wp-content\/uploads\/sites\/12\/2022\/09\/Cabasse.png","width":250,"height":150,"caption":"Cabasse Suisse"},"image":{"@id":"https:\/\/cabasse-suisse.ch\/en\/#\/schema\/logo\/image\/"},"sameAs":["https:\/\/facebook.com\/Cabasse\/","https:\/\/x.com\/CabasseFR","https:\/\/instagram.com\/cabasseacoustic"]}]}},"_links":{"self":[{"href":"https:\/\/cabasse-suisse.ch\/en\/wp-json\/wp\/v2\/pages\/2009","targetHints":{"allow":["GET"]}}],"collection":[{"href":"https:\/\/cabasse-suisse.ch\/en\/wp-json\/wp\/v2\/pages"}],"about":[{"href":"https:\/\/cabasse-suisse.ch\/en\/wp-json\/wp\/v2\/types\/page"}],"author":[{"embeddable":true,"href":"https:\/\/cabasse-suisse.ch\/en\/wp-json\/wp\/v2\/users\/1"}],"replies":[{"embeddable":true,"href":"https:\/\/cabasse-suisse.ch\/en\/wp-json\/wp\/v2\/comments?post=2009"}],"version-history":[{"count":4,"href":"https:\/\/cabasse-suisse.ch\/en\/wp-json\/wp\/v2\/pages\/2009\/revisions"}],"predecessor-version":[{"id":2015,"href":"https:\/\/cabasse-suisse.ch\/en\/wp-json\/wp\/v2\/pages\/2009\/revisions\/2015"}],"wp:attachment":[{"href":"https:\/\/cabasse-suisse.ch\/en\/wp-json\/wp\/v2\/media?parent=2009"}],"curies":[{"name":"wp","href":"https:\/\/api.w.org\/{rel}","templated":true}]}}