{"id":2002,"date":"2021-06-14T12:45:28","date_gmt":"2021-06-14T12:45:28","guid":{"rendered":"https:\/\/sacom.kdprojekte.de\/rueckgaberichtlinien\/"},"modified":"2021-08-06T10:47:44","modified_gmt":"2021-08-06T08:47:44","slug":"return-policy","status":"publish","type":"page","link":"https:\/\/cabasse-suisse.ch\/en\/return-policy\/","title":{"rendered":"Return policy"},"content":{"rendered":"<h1>Return policy<\/h1>\n<p>Magnat-Suisse bietet ein beschr\u00e4nktes R\u00fcckgaberecht an. Wir danken f\u00fcr Ihr Verst\u00e4ndnis, dass wir Artikel nicht in jedem Fall zur\u00fccknehmen k\u00f6nnen. Produkte, die bei Bestellung im eigenen Lager verf\u00fcgbar waren und sich noch in unversehrter Originalverpackung befinden, k\u00f6nnen in der Regel zur\u00fcckgenommen werden. Produkte, die wir speziell f\u00fcr Sie bestellt haben oder Produkte, die sich nicht in einwandfreiem Zustand befinden, k\u00f6nnen leider nicht mehr oder nur gegen eine Umtriebsgeb\u00fchr zur\u00fcckgenommen werden. Finden Sie nachfolgend unsere R\u00fccknahmebedingungen und wie Sie im Falle einer Lieferung falscher oder defekter Ware vorgehen.<\/p>\n<p>\u00a0<\/p>\n<p><strong>Uneingeschr\u00e4nktes R\u00fcckgaberecht<\/strong><\/p>\n<ul>\n<li>Produkt befindet sich in unge\u00f6ffneter, unbesch\u00e4digter Originalverpackung<\/li>\n<li>Produkt war bei Bestellung in unserem Lager verf\u00fcgbar<\/li>\n<li>Erhalt des Produktes liegt maximal 14 Kalendertage zur\u00fcck<\/li>\n<\/ul>\n<p>Es wird maximal der Kaufpreis zur\u00fcckerstattet. Allf\u00e4llige Versandkosten fallen zu Lasten des K\u00e4ufers.<\/p>\n<p>\u00a0<\/p>\n<p><strong>Eingeschr\u00e4nktes R\u00fcckgaberecht<\/strong><\/p>\n<ul>\n<li>Produkt befindet sich in ge\u00f6ffneter oder besch\u00e4digter Originalverpackung<\/li>\n<li>Produkt ist ungebraucht und weist keine Gebrauchsspuren auf<\/li>\n<li>Mitgeliefertes Zubeh\u00f6r ist komplett vorhanden<\/li>\n<li>Erhalt des Produktes liegt maximal 14 Kalendertage zur\u00fcck<\/li>\n<\/ul>\n<p>Die R\u00fccknahme erfolgt nach positiver Pr\u00fcfung durch unseren Kundenservice. Die H\u00f6he des Abschlages wird durch unseren Kundenservice festgelegt. Es wird maximal der Kaufpreis abz\u00fcglich eines festgelegten Abschlags (in der Regel 20% \/ Minimum CHF 20.00) zur\u00fcckerstattet.<\/p>\n<p><strong>\u00a0<\/strong><\/p>\n<p><strong>Kein R\u00fcckgaberecht<\/strong><\/p>\n<ul>\n<li>Gebrauchte Produkte<\/li>\n<li>Keine Originalverpackung vorhanden<\/li>\n<li>Mitgeliefertes Zubeh\u00f6r fehlt<\/li>\n<li>Ge\u00f6ffnetes Verbrauchsmaterial (Toner, Filter usw.)<\/li>\n<li>Ge\u00f6ffnete Hygieneartikel (Kopfh\u00f6rer, Rasierer, Zahnb\u00fcrsten usw.)<\/li>\n<li>Ge\u00f6ffnete Produkte, die versiegelt oder verschweisst waren (Software, Games, DVD, Speicherkarten, Wertkarten usw.). Ein gebrochenes Siegel gilt in jedem Fall als ge\u00f6ffnet.<\/li>\n<li>Per E-Mail zugestellte Lizenzen (ESD Electronic Software Distribution)<\/li>\n<li>R\u00fcckgabefrist abgelaufen<\/li>\n<\/ul>\n<p>Die R\u00fccksendung der Ware unter Beilage des Lieferscheins\/Garantiescheins hat ausschliesslich an die vom Kundenservice angegebene Adresse zu erfolgen. Sie erfolgt auf Kosten und Risiko des Kunden \u2013 Magnat-Suisse empfiehlt den Versand via eingeschriebener Post. Auf Wunsch organisieren wir Ihnen gerne eine kostenpflichtige Abholung.<\/p>\n<p><strong>\u00a0<\/strong><\/p>\n<p><strong>In folgenden F\u00e4llen werden die R\u00fccksendekosten von Magnat-Suisse \u00fcbernommen:<\/strong><\/p>\n<ul>\n<li>Erhalt eines anderen oder nicht bestellten Artikels (Falschlieferung)<\/li>\n<li>Erhalt eines defekten Artikels (DOA)<\/li>\n<li>Erhalt eines unvollst\u00e4ndigen Artikels<\/li>\n<li>Falsche Artikelangaben im Onlineshop (Fehlbeschreibung)<\/li>\n<\/ul>\n","protected":false},"excerpt":{"rendered":"<p>Return policy Magnat-Suisse bietet ein beschr\u00e4nktes R\u00fcckgaberecht an. Wir danken f\u00fcr Ihr Verst\u00e4ndnis, dass wir Artikel&#8230;<\/p>\n","protected":false},"author":1,"featured_media":0,"parent":0,"menu_order":0,"comment_status":"closed","ping_status":"closed","template":"","meta":{"_acf_changed":false,"inline_featured_image":false,"footnotes":""},"class_list":["post-2002","page","type-page","status-publish","hentry"],"acf":[],"yoast_head":"<!-- This site is optimized with the Yoast SEO Premium plugin v22.1 (Yoast SEO v27.2) - https:\/\/yoast.com\/product\/yoast-seo-premium-wordpress\/ -->\n<title>Return policy - Cabasse Suisse<\/title>\n<meta name=\"robots\" content=\"index, follow, max-snippet:-1, max-image-preview:large, max-video-preview:-1\" \/>\n<link rel=\"canonical\" href=\"https:\/\/cabasse-suisse.ch\/en\/return-policy\/\" \/>\n<meta property=\"og:locale\" content=\"en_US\" \/>\n<meta property=\"og:type\" content=\"article\" \/>\n<meta property=\"og:title\" content=\"Return policy\" \/>\n<meta property=\"og:description\" content=\"Return policy Magnat-Suisse bietet ein beschr\u00e4nktes R\u00fcckgaberecht an. Wir danken f\u00fcr Ihr Verst\u00e4ndnis, dass wir Artikel...\" \/>\n<meta property=\"og:url\" content=\"https:\/\/cabasse-suisse.ch\/en\/return-policy\/\" \/>\n<meta property=\"og:site_name\" content=\"Cabasse Suisse\" \/>\n<meta property=\"article:publisher\" content=\"https:\/\/facebook.com\/Cabasse\/\" \/>\n<meta property=\"article:modified_time\" content=\"2021-08-06T08:47:44+00:00\" \/>\n<meta name=\"twitter:card\" content=\"summary_large_image\" \/>\n<meta name=\"twitter:site\" content=\"@CabasseFR\" \/>\n<meta name=\"twitter:label1\" content=\"Est. reading time\" \/>\n\t<meta name=\"twitter:data1\" content=\"2 minutes\" \/>\n<script type=\"application\/ld+json\" class=\"yoast-schema-graph\">{\"@context\":\"https:\/\/schema.org\",\"@graph\":[{\"@type\":\"WebPage\",\"@id\":\"https:\/\/cabasse-suisse.ch\/en\/return-policy\/\",\"url\":\"https:\/\/cabasse-suisse.ch\/en\/return-policy\/\",\"name\":\"Return policy - Cabasse Suisse\",\"isPartOf\":{\"@id\":\"https:\/\/cabasse-suisse.ch\/en\/#website\"},\"datePublished\":\"2021-06-14T12:45:28+00:00\",\"dateModified\":\"2021-08-06T08:47:44+00:00\",\"breadcrumb\":{\"@id\":\"https:\/\/cabasse-suisse.ch\/en\/return-policy\/#breadcrumb\"},\"inLanguage\":\"en-US\",\"potentialAction\":[{\"@type\":\"ReadAction\",\"target\":[\"https:\/\/cabasse-suisse.ch\/en\/return-policy\/\"]}]},{\"@type\":\"BreadcrumbList\",\"@id\":\"https:\/\/cabasse-suisse.ch\/en\/return-policy\/#breadcrumb\",\"itemListElement\":[{\"@type\":\"ListItem\",\"position\":1,\"name\":\"Home\",\"item\":\"https:\/\/cabasse-suisse.ch\/en\/\"},{\"@type\":\"ListItem\",\"position\":2,\"name\":\"Return policy\"}]},{\"@type\":\"WebSite\",\"@id\":\"https:\/\/cabasse-suisse.ch\/en\/#website\",\"url\":\"https:\/\/cabasse-suisse.ch\/en\/\",\"name\":\"Cabasse Suisse\",\"description\":\"Offizieller Cabasse Store - For demanding audiophiles\",\"publisher\":{\"@id\":\"https:\/\/cabasse-suisse.ch\/en\/#organization\"},\"potentialAction\":[{\"@type\":\"SearchAction\",\"target\":{\"@type\":\"EntryPoint\",\"urlTemplate\":\"https:\/\/cabasse-suisse.ch\/en\/?s={search_term_string}\"},\"query-input\":{\"@type\":\"PropertyValueSpecification\",\"valueRequired\":true,\"valueName\":\"search_term_string\"}}],\"inLanguage\":\"en-US\"},{\"@type\":\"Organization\",\"@id\":\"https:\/\/cabasse-suisse.ch\/en\/#organization\",\"name\":\"Cabasse Suisse\",\"url\":\"https:\/\/cabasse-suisse.ch\/en\/\",\"logo\":{\"@type\":\"ImageObject\",\"inLanguage\":\"en-US\",\"@id\":\"https:\/\/cabasse-suisse.ch\/en\/#\/schema\/logo\/image\/\",\"url\":\"https:\/\/cabasse-suisse.ch\/wp-content\/uploads\/sites\/12\/2022\/09\/Cabasse.png\",\"contentUrl\":\"https:\/\/cabasse-suisse.ch\/wp-content\/uploads\/sites\/12\/2022\/09\/Cabasse.png\",\"width\":250,\"height\":150,\"caption\":\"Cabasse Suisse\"},\"image\":{\"@id\":\"https:\/\/cabasse-suisse.ch\/en\/#\/schema\/logo\/image\/\"},\"sameAs\":[\"https:\/\/facebook.com\/Cabasse\/\",\"https:\/\/x.com\/CabasseFR\",\"https:\/\/instagram.com\/cabasseacoustic\"]}]}<\/script>\n<!-- \/ Yoast SEO Premium plugin. -->","yoast_head_json":{"title":"Return policy - Cabasse Suisse","robots":{"index":"index","follow":"follow","max-snippet":"max-snippet:-1","max-image-preview":"max-image-preview:large","max-video-preview":"max-video-preview:-1"},"canonical":"https:\/\/cabasse-suisse.ch\/en\/return-policy\/","og_locale":"en_US","og_type":"article","og_title":"Return policy","og_description":"Return policy Magnat-Suisse bietet ein beschr\u00e4nktes R\u00fcckgaberecht an. Wir danken f\u00fcr Ihr Verst\u00e4ndnis, dass wir Artikel...","og_url":"https:\/\/cabasse-suisse.ch\/en\/return-policy\/","og_site_name":"Cabasse Suisse","article_publisher":"https:\/\/facebook.com\/Cabasse\/","article_modified_time":"2021-08-06T08:47:44+00:00","twitter_card":"summary_large_image","twitter_site":"@CabasseFR","twitter_misc":{"Est. reading time":"2 minutes"},"schema":{"@context":"https:\/\/schema.org","@graph":[{"@type":"WebPage","@id":"https:\/\/cabasse-suisse.ch\/en\/return-policy\/","url":"https:\/\/cabasse-suisse.ch\/en\/return-policy\/","name":"Return policy - Cabasse Suisse","isPartOf":{"@id":"https:\/\/cabasse-suisse.ch\/en\/#website"},"datePublished":"2021-06-14T12:45:28+00:00","dateModified":"2021-08-06T08:47:44+00:00","breadcrumb":{"@id":"https:\/\/cabasse-suisse.ch\/en\/return-policy\/#breadcrumb"},"inLanguage":"en-US","potentialAction":[{"@type":"ReadAction","target":["https:\/\/cabasse-suisse.ch\/en\/return-policy\/"]}]},{"@type":"BreadcrumbList","@id":"https:\/\/cabasse-suisse.ch\/en\/return-policy\/#breadcrumb","itemListElement":[{"@type":"ListItem","position":1,"name":"Home","item":"https:\/\/cabasse-suisse.ch\/en\/"},{"@type":"ListItem","position":2,"name":"Return policy"}]},{"@type":"WebSite","@id":"https:\/\/cabasse-suisse.ch\/en\/#website","url":"https:\/\/cabasse-suisse.ch\/en\/","name":"Cabasse Suisse","description":"Offizieller Cabasse Store - For demanding audiophiles","publisher":{"@id":"https:\/\/cabasse-suisse.ch\/en\/#organization"},"potentialAction":[{"@type":"SearchAction","target":{"@type":"EntryPoint","urlTemplate":"https:\/\/cabasse-suisse.ch\/en\/?s={search_term_string}"},"query-input":{"@type":"PropertyValueSpecification","valueRequired":true,"valueName":"search_term_string"}}],"inLanguage":"en-US"},{"@type":"Organization","@id":"https:\/\/cabasse-suisse.ch\/en\/#organization","name":"Cabasse Suisse","url":"https:\/\/cabasse-suisse.ch\/en\/","logo":{"@type":"ImageObject","inLanguage":"en-US","@id":"https:\/\/cabasse-suisse.ch\/en\/#\/schema\/logo\/image\/","url":"https:\/\/cabasse-suisse.ch\/wp-content\/uploads\/sites\/12\/2022\/09\/Cabasse.png","contentUrl":"https:\/\/cabasse-suisse.ch\/wp-content\/uploads\/sites\/12\/2022\/09\/Cabasse.png","width":250,"height":150,"caption":"Cabasse Suisse"},"image":{"@id":"https:\/\/cabasse-suisse.ch\/en\/#\/schema\/logo\/image\/"},"sameAs":["https:\/\/facebook.com\/Cabasse\/","https:\/\/x.com\/CabasseFR","https:\/\/instagram.com\/cabasseacoustic"]}]}},"_links":{"self":[{"href":"https:\/\/cabasse-suisse.ch\/en\/wp-json\/wp\/v2\/pages\/2002","targetHints":{"allow":["GET"]}}],"collection":[{"href":"https:\/\/cabasse-suisse.ch\/en\/wp-json\/wp\/v2\/pages"}],"about":[{"href":"https:\/\/cabasse-suisse.ch\/en\/wp-json\/wp\/v2\/types\/page"}],"author":[{"embeddable":true,"href":"https:\/\/cabasse-suisse.ch\/en\/wp-json\/wp\/v2\/users\/1"}],"replies":[{"embeddable":true,"href":"https:\/\/cabasse-suisse.ch\/en\/wp-json\/wp\/v2\/comments?post=2002"}],"version-history":[{"count":1,"href":"https:\/\/cabasse-suisse.ch\/en\/wp-json\/wp\/v2\/pages\/2002\/revisions"}],"predecessor-version":[{"id":2003,"href":"https:\/\/cabasse-suisse.ch\/en\/wp-json\/wp\/v2\/pages\/2002\/revisions\/2003"}],"wp:attachment":[{"href":"https:\/\/cabasse-suisse.ch\/en\/wp-json\/wp\/v2\/media?parent=2002"}],"curies":[{"name":"wp","href":"https:\/\/api.w.org\/{rel}","templated":true}]}}