{"id":1995,"date":"2021-06-14T12:45:28","date_gmt":"2021-06-14T12:45:28","guid":{"rendered":"https:\/\/sacom.kdprojekte.de\/versand-lieferung\/"},"modified":"2021-08-06T10:43:59","modified_gmt":"2021-08-06T08:43:59","slug":"delivery-transport","status":"publish","type":"page","link":"https:\/\/cabasse-suisse.ch\/en\/delivery-transport\/","title":{"rendered":"Delivery and Transport"},"content":{"rendered":"<h1>Delivery and Transport<\/h1>\n<p>\u00a0<\/p>\n<p><strong>Lieferung<\/strong><\/p>\n<p>Wir liefern in die ganze Schweiz und ins F\u00fcrstentum Liechtenstein. Heimlieferungen ab einem Warenwert von CHF 100.00 sind kostenlos. Bei Bestellungen mit einem Warenwert von weniger als CHF 100.00 fallen Lieferkosten von CHF 12.00 an. Die Auslieferung kann an eine frei w\u00e4hlbare Adresse erfolgen.<\/p>\n<p><strong>\u00a0<\/strong><\/p>\n<p><strong>Lieferstatus<\/strong><\/p>\n<p>Nachdem wir die Ware versendet haben, erhalten Sie von uns per E-Mail eine Versandbest\u00e4tigung. Falls Sie \u00fcber ein Kundenkonto verf\u00fcgen, k\u00f6nnen Sie den aktuellen Lieferstatus dort jederzeit einsehen.<\/p>\n<p><strong>\u00a0<\/strong><\/p>\n<p><strong>Lieferzeit<\/strong><\/p>\n<p>Die genaue Lieferzeit kann leider vorg\u00e4ngig nicht kommuniziert werden. Sollten Sie bei der Lieferung nicht zuhause sein, werden Ihnen alle notwendigen Informationen hinterlassen, wie Sie Ihr Paket erhalten werden.<\/p>\n<p>Grunds\u00e4tzlich gilt, wenn ein Artikel bis 15.00 Uhr bestellt wird, erfolgt die Lieferung in der Regel am n\u00e4chsten Tag* an die gew\u00fcnschte Adresse. Davon ausgenommen sind Bestellungen auf Vorauskasse und von grossen Ger\u00e4ten oder Ger\u00e4ten \u00fcber 30kg.<\/p>\n<p>*Bestellungen am Freitag bis 15.00 Uhr werden am darauffolgenden Werktag zugestellt. Bei einer Bestellung am Wochenende, entweder am Samstag oder Sonntag, ist eine Lieferung am Dienstag m\u00f6glich, da die Bestellung erst am Montag bearbeitet werden kann.<\/p>\n<p>\u00a0<\/p>\n<p><strong>Grosse Ger\u00e4te und Ger\u00e4te \u00fcber 30kg<\/strong><\/p>\n<p>Bei besonders grossen und\/oder schweren Ger\u00e4ten erfolgt die Zustellung an die gew\u00fcnschte Adresse durch eine Speditionsfirma. Daf\u00fcr werden Sie, sobald Ihre Bestellung f\u00fcr den Versand bereit ist, von der Speditionsfirma telefonisch kontaktiert, um einen Termin f\u00fcr die Auslieferung zu vereinbaren.<\/p>\n<p>Die Zustellung erfolgt in aller Regel nur bis zur Bordsteinkante, ausser es wird beim Produkt spezifisch anders kommuniziert.<\/p>\n<p>In die Kategorie grosse und schwere Ger\u00e4te geh\u00f6ren:<\/p>\n<ul>\n<li>Standlautsprecher<\/li>\n<li>Subwoofer<\/li>\n<li>Soundbars &amp; Sounddecks<\/li>\n<li>Verst\u00e4rker<\/li>\n<\/ul>\n<p>\u00a0<\/p>\n<p><strong>Abholung bei einem Magnat-Suisse Premiumh\u00e4ndler<\/strong><\/p>\n<p>Bevorzugen Sie die bestellte Ware direkt in einem Magnat-Suisse Premiumh\u00e4ndler abzuholen, dann sind Sie verpflichtet den Kaufvertrag mit dem H\u00e4ndler direkt abzuschliessen. Sie akzeptieren dadurch Seine eigenen Bedingungen zum Warenverkauf, Lieferung, Versand und Bezahlung.<\/p>\n","protected":false},"excerpt":{"rendered":"<p>Delivery and Transport \u00a0 Lieferung Wir liefern in die ganze Schweiz und ins F\u00fcrstentum Liechtenstein. Heimlieferungen&#8230;<\/p>\n","protected":false},"author":1,"featured_media":0,"parent":0,"menu_order":0,"comment_status":"closed","ping_status":"closed","template":"","meta":{"_acf_changed":false,"inline_featured_image":false,"footnotes":""},"class_list":["post-1995","page","type-page","status-publish","hentry"],"acf":[],"yoast_head":"<!-- This site is optimized with the Yoast SEO Premium plugin v22.1 (Yoast SEO v27.2) - https:\/\/yoast.com\/product\/yoast-seo-premium-wordpress\/ -->\n<title>Delivery and Transport - Cabasse Suisse<\/title>\n<meta name=\"robots\" content=\"index, follow, max-snippet:-1, max-image-preview:large, max-video-preview:-1\" \/>\n<link rel=\"canonical\" href=\"https:\/\/cabasse-suisse.ch\/en\/delivery-transport\/\" \/>\n<meta property=\"og:locale\" content=\"en_US\" \/>\n<meta property=\"og:type\" content=\"article\" \/>\n<meta property=\"og:title\" content=\"Delivery and Transport\" \/>\n<meta property=\"og:description\" content=\"Delivery and Transport \u00a0 Lieferung Wir liefern in die ganze Schweiz und ins F\u00fcrstentum Liechtenstein. Heimlieferungen...\" \/>\n<meta property=\"og:url\" content=\"https:\/\/cabasse-suisse.ch\/en\/delivery-transport\/\" \/>\n<meta property=\"og:site_name\" content=\"Cabasse Suisse\" \/>\n<meta property=\"article:publisher\" content=\"https:\/\/facebook.com\/Cabasse\/\" \/>\n<meta property=\"article:modified_time\" content=\"2021-08-06T08:43:59+00:00\" \/>\n<meta name=\"twitter:card\" content=\"summary_large_image\" \/>\n<meta name=\"twitter:site\" content=\"@CabasseFR\" \/>\n<meta name=\"twitter:label1\" content=\"Est. reading time\" \/>\n\t<meta name=\"twitter:data1\" content=\"2 minutes\" \/>\n<script type=\"application\/ld+json\" class=\"yoast-schema-graph\">{\"@context\":\"https:\/\/schema.org\",\"@graph\":[{\"@type\":\"WebPage\",\"@id\":\"https:\/\/cabasse-suisse.ch\/en\/delivery-transport\/\",\"url\":\"https:\/\/cabasse-suisse.ch\/en\/delivery-transport\/\",\"name\":\"Delivery and Transport - Cabasse Suisse\",\"isPartOf\":{\"@id\":\"https:\/\/cabasse-suisse.ch\/en\/#website\"},\"datePublished\":\"2021-06-14T12:45:28+00:00\",\"dateModified\":\"2021-08-06T08:43:59+00:00\",\"breadcrumb\":{\"@id\":\"https:\/\/cabasse-suisse.ch\/en\/delivery-transport\/#breadcrumb\"},\"inLanguage\":\"en-US\",\"potentialAction\":[{\"@type\":\"ReadAction\",\"target\":[\"https:\/\/cabasse-suisse.ch\/en\/delivery-transport\/\"]}]},{\"@type\":\"BreadcrumbList\",\"@id\":\"https:\/\/cabasse-suisse.ch\/en\/delivery-transport\/#breadcrumb\",\"itemListElement\":[{\"@type\":\"ListItem\",\"position\":1,\"name\":\"Home\",\"item\":\"https:\/\/cabasse-suisse.ch\/en\/\"},{\"@type\":\"ListItem\",\"position\":2,\"name\":\"Delivery and Transport\"}]},{\"@type\":\"WebSite\",\"@id\":\"https:\/\/cabasse-suisse.ch\/en\/#website\",\"url\":\"https:\/\/cabasse-suisse.ch\/en\/\",\"name\":\"Cabasse Suisse\",\"description\":\"Offizieller Cabasse Store - For demanding audiophiles\",\"publisher\":{\"@id\":\"https:\/\/cabasse-suisse.ch\/en\/#organization\"},\"potentialAction\":[{\"@type\":\"SearchAction\",\"target\":{\"@type\":\"EntryPoint\",\"urlTemplate\":\"https:\/\/cabasse-suisse.ch\/en\/?s={search_term_string}\"},\"query-input\":{\"@type\":\"PropertyValueSpecification\",\"valueRequired\":true,\"valueName\":\"search_term_string\"}}],\"inLanguage\":\"en-US\"},{\"@type\":\"Organization\",\"@id\":\"https:\/\/cabasse-suisse.ch\/en\/#organization\",\"name\":\"Cabasse Suisse\",\"url\":\"https:\/\/cabasse-suisse.ch\/en\/\",\"logo\":{\"@type\":\"ImageObject\",\"inLanguage\":\"en-US\",\"@id\":\"https:\/\/cabasse-suisse.ch\/en\/#\/schema\/logo\/image\/\",\"url\":\"https:\/\/cabasse-suisse.ch\/wp-content\/uploads\/sites\/12\/2022\/09\/Cabasse.png\",\"contentUrl\":\"https:\/\/cabasse-suisse.ch\/wp-content\/uploads\/sites\/12\/2022\/09\/Cabasse.png\",\"width\":250,\"height\":150,\"caption\":\"Cabasse Suisse\"},\"image\":{\"@id\":\"https:\/\/cabasse-suisse.ch\/en\/#\/schema\/logo\/image\/\"},\"sameAs\":[\"https:\/\/facebook.com\/Cabasse\/\",\"https:\/\/x.com\/CabasseFR\",\"https:\/\/instagram.com\/cabasseacoustic\"]}]}<\/script>\n<!-- \/ Yoast SEO Premium plugin. -->","yoast_head_json":{"title":"Delivery and Transport - Cabasse Suisse","robots":{"index":"index","follow":"follow","max-snippet":"max-snippet:-1","max-image-preview":"max-image-preview:large","max-video-preview":"max-video-preview:-1"},"canonical":"https:\/\/cabasse-suisse.ch\/en\/delivery-transport\/","og_locale":"en_US","og_type":"article","og_title":"Delivery and Transport","og_description":"Delivery and Transport \u00a0 Lieferung Wir liefern in die ganze Schweiz und ins F\u00fcrstentum Liechtenstein. Heimlieferungen...","og_url":"https:\/\/cabasse-suisse.ch\/en\/delivery-transport\/","og_site_name":"Cabasse Suisse","article_publisher":"https:\/\/facebook.com\/Cabasse\/","article_modified_time":"2021-08-06T08:43:59+00:00","twitter_card":"summary_large_image","twitter_site":"@CabasseFR","twitter_misc":{"Est. reading time":"2 minutes"},"schema":{"@context":"https:\/\/schema.org","@graph":[{"@type":"WebPage","@id":"https:\/\/cabasse-suisse.ch\/en\/delivery-transport\/","url":"https:\/\/cabasse-suisse.ch\/en\/delivery-transport\/","name":"Delivery and Transport - Cabasse Suisse","isPartOf":{"@id":"https:\/\/cabasse-suisse.ch\/en\/#website"},"datePublished":"2021-06-14T12:45:28+00:00","dateModified":"2021-08-06T08:43:59+00:00","breadcrumb":{"@id":"https:\/\/cabasse-suisse.ch\/en\/delivery-transport\/#breadcrumb"},"inLanguage":"en-US","potentialAction":[{"@type":"ReadAction","target":["https:\/\/cabasse-suisse.ch\/en\/delivery-transport\/"]}]},{"@type":"BreadcrumbList","@id":"https:\/\/cabasse-suisse.ch\/en\/delivery-transport\/#breadcrumb","itemListElement":[{"@type":"ListItem","position":1,"name":"Home","item":"https:\/\/cabasse-suisse.ch\/en\/"},{"@type":"ListItem","position":2,"name":"Delivery and Transport"}]},{"@type":"WebSite","@id":"https:\/\/cabasse-suisse.ch\/en\/#website","url":"https:\/\/cabasse-suisse.ch\/en\/","name":"Cabasse Suisse","description":"Offizieller Cabasse Store - For demanding audiophiles","publisher":{"@id":"https:\/\/cabasse-suisse.ch\/en\/#organization"},"potentialAction":[{"@type":"SearchAction","target":{"@type":"EntryPoint","urlTemplate":"https:\/\/cabasse-suisse.ch\/en\/?s={search_term_string}"},"query-input":{"@type":"PropertyValueSpecification","valueRequired":true,"valueName":"search_term_string"}}],"inLanguage":"en-US"},{"@type":"Organization","@id":"https:\/\/cabasse-suisse.ch\/en\/#organization","name":"Cabasse Suisse","url":"https:\/\/cabasse-suisse.ch\/en\/","logo":{"@type":"ImageObject","inLanguage":"en-US","@id":"https:\/\/cabasse-suisse.ch\/en\/#\/schema\/logo\/image\/","url":"https:\/\/cabasse-suisse.ch\/wp-content\/uploads\/sites\/12\/2022\/09\/Cabasse.png","contentUrl":"https:\/\/cabasse-suisse.ch\/wp-content\/uploads\/sites\/12\/2022\/09\/Cabasse.png","width":250,"height":150,"caption":"Cabasse Suisse"},"image":{"@id":"https:\/\/cabasse-suisse.ch\/en\/#\/schema\/logo\/image\/"},"sameAs":["https:\/\/facebook.com\/Cabasse\/","https:\/\/x.com\/CabasseFR","https:\/\/instagram.com\/cabasseacoustic"]}]}},"_links":{"self":[{"href":"https:\/\/cabasse-suisse.ch\/en\/wp-json\/wp\/v2\/pages\/1995","targetHints":{"allow":["GET"]}}],"collection":[{"href":"https:\/\/cabasse-suisse.ch\/en\/wp-json\/wp\/v2\/pages"}],"about":[{"href":"https:\/\/cabasse-suisse.ch\/en\/wp-json\/wp\/v2\/types\/page"}],"author":[{"embeddable":true,"href":"https:\/\/cabasse-suisse.ch\/en\/wp-json\/wp\/v2\/users\/1"}],"replies":[{"embeddable":true,"href":"https:\/\/cabasse-suisse.ch\/en\/wp-json\/wp\/v2\/comments?post=1995"}],"version-history":[{"count":2,"href":"https:\/\/cabasse-suisse.ch\/en\/wp-json\/wp\/v2\/pages\/1995\/revisions"}],"predecessor-version":[{"id":1999,"href":"https:\/\/cabasse-suisse.ch\/en\/wp-json\/wp\/v2\/pages\/1995\/revisions\/1999"}],"wp:attachment":[{"href":"https:\/\/cabasse-suisse.ch\/en\/wp-json\/wp\/v2\/media?parent=1995"}],"curies":[{"name":"wp","href":"https:\/\/api.w.org\/{rel}","templated":true}]}}